{"id":19624,"date":"2026-03-13T16:54:11","date_gmt":"2026-03-13T16:54:11","guid":{"rendered":"https:\/\/heartofcoffee.fr\/?page_id=19624"},"modified":"2026-03-31T12:40:29","modified_gmt":"2026-03-31T12:40:29","slug":"tasting-collections","status":"publish","type":"page","link":"https:\/\/heartofcoffee.fr\/fr\/tasting-collections\/","title":{"rendered":"COLLECTIONS D\u00c9COUVERTE"},"content":{"rendered":"<div data-elementor-type=\"wp-page\" data-elementor-id=\"19624\" class=\"elementor elementor-19624\" data-elementor-post-type=\"page\">\n\t\t\t\t\t\t<section class=\"elementor-section elementor-top-section elementor-element elementor-element-c78ace4 edgtf-elementor-container-inner elementor-section-boxed elementor-section-height-default elementor-section-height-default edgtf-section edgtf-parallax-section-holder-touch-disabled edgtf-parallax-section-no\" data-id=\"c78ace4\" data-element_type=\"section\" data-settings=\"{&quot;background_background&quot;:&quot;classic&quot;,&quot;background_motion_fx_motion_fx_scrolling&quot;:&quot;yes&quot;,&quot;background_motion_fx_devices&quot;:[&quot;desktop&quot;,&quot;tablet&quot;,&quot;mobile&quot;]}\">\n\t\t\t\t\t\t<div class=\"elementor-container elementor-column-gap-default\">\n\t\t\t\t\t<div class=\"elementor-column elementor-col-100 elementor-top-column elementor-element elementor-element-257e59e\" data-id=\"257e59e\" data-element_type=\"column\">\n\t\t\t<div class=\"elementor-widget-wrap elementor-element-populated\">\n\t\t\t\t\t\t<div class=\"elementor-element elementor-element-fd329e3 elementor-widget elementor-widget-text-editor\" data-id=\"fd329e3\" data-element_type=\"widget\" data-widget_type=\"text-editor.default\">\n\t\t\t\t\t\t\t\t\t<p class=\"edgtf-section-subtitle\" style=\"text-align: center;\"><span style=\"color: #d18b38;\">D\u00e9couvrez nos collections<\/span><\/p>\t\t\t\t\t\t\t\t<\/div>\n\t\t\t\t<div class=\"elementor-element elementor-element-5e415f0 elementor-widget elementor-widget-text-editor\" data-id=\"5e415f0\" data-element_type=\"widget\" data-widget_type=\"text-editor.default\">\n\t\t\t\t\t\t\t\t\t<h2 style=\"text-align: center;\"><span data-olk-copy-source=\"MessageBody\">Un voyage \u00e0 travers le caf\u00e9, du trail au sommet<\/span><\/h2>\t\t\t\t\t\t\t\t<\/div>\n\t\t\t\t<div class=\"elementor-element elementor-element-b740502 elementor-widget-divider--view-line elementor-widget elementor-widget-divider\" data-id=\"b740502\" data-element_type=\"widget\" data-widget_type=\"divider.default\">\n\t\t\t\t\t\t\t<div class=\"elementor-divider\">\n\t\t\t<span class=\"elementor-divider-separator\">\n\t\t\t\t\t\t<\/span>\n\t\t<\/div>\n\t\t\t\t\t\t<\/div>\n\t\t\t\t<div class=\"elementor-element elementor-element-9e55d15 elementor-widget elementor-widget-text-editor\" data-id=\"9e55d15\" data-element_type=\"widget\" data-widget_type=\"text-editor.default\">\n\t\t\t\t\t\t\t\t\t<p style=\"text-align: center;\">Le caf\u00e9 se r\u00e9v\u00e8le par la comparaison. Les collections d\u00e9couverte permettent de mieux comprendre comment diff\u00e9rents caf\u00e9s s\u2019expriment, selon leur origine, l\u2019altitude \u00e0 laquelle ils sont cultiv\u00e9s ou leur m\u00e9thode de transformation apr\u00e8s r\u00e9colte.<\/p><p style=\"text-align: center;\">Nous avons puis\u00e9 notre inspiration dans les Alpes pour nommer ces collections, tout simplement parce que notre torr\u00e9faction se situe au c\u0153ur des Alpes fran\u00e7aises. Vivre en montagne influence naturellement notre fa\u00e7on de penser l\u2019exploration : sentiers, ascensions, sommets et parfois m\u00eame exp\u00e9ditions. Chaque collection vous invite \u00e0 d\u00e9couvrir le caf\u00e9 de la m\u00eame mani\u00e8re, \u00e9tape par \u00e9tape, tasse apr\u00e8s tasse, en observant comment l\u2019origine, l\u2019altitude et le travail de torr\u00e9faction fa\u00e7onnent les saveurs.<\/p>\t\t\t\t\t\t\t\t<\/div>\n\t\t\t\t\t<\/div>\n\t\t<\/div>\n\t\t\t\t\t<\/div>\n\t\t<\/section>\n\t\t<div class=\"elementor-element elementor-element-56c98c1 e-flex e-con-boxed e-con e-parent\" data-id=\"56c98c1\" data-element_type=\"container\">\n\t\t\t\t\t<div class=\"e-con-inner\">\n\t\t<div class=\"elementor-element elementor-element-3663a79 e-con-full e-flex e-con e-child\" data-id=\"3663a79\" data-element_type=\"container\" data-settings=\"{&quot;background_background&quot;:&quot;classic&quot;}\">\n\t\t\t\t<div class=\"elementor-element elementor-element-16d09aa elementor-widget elementor-widget-qi_addons_for_elementor_animated_text\" data-id=\"16d09aa\" data-element_type=\"widget\" data-widget_type=\"qi_addons_for_elementor_animated_text.default\">\n\t\t\t\t<div class=\"elementor-widget-container\">\n\t\t\t\t\t<div class=\"qodef-shortcode qodef-m qodef-qi-animated-text qodef--alignment-center qodef-qi--has-appear qodef--appear-from-bottom\" >\n\t\t<h3 class=\"qodef-m-title\">\n\t\tLe Trail\t<\/h3>\n<\/div>\n\t\t\t\t<\/div>\n\t\t\t\t<\/div>\n\t\t\t\t<div class=\"elementor-element elementor-element-35900e1 elementor-widget elementor-widget-qi_addons_for_elementor_animated_text\" data-id=\"35900e1\" data-element_type=\"widget\" data-widget_type=\"qi_addons_for_elementor_animated_text.default\">\n\t\t\t\t<div class=\"elementor-widget-container\">\n\t\t\t\t\t<div class=\"qodef-shortcode qodef-m qodef-qi-animated-text qodef--alignment-center qodef-qi--has-appear qodef--appear-from-bottom\" >\n\t\t<h4 class=\"qodef-m-title\">\n\t\tL\u00e0 o\u00f9 le voyage commence.\t<\/h4>\n<\/div>\n\t\t\t\t<\/div>\n\t\t\t\t<\/div>\n\t\t\t\t<div class=\"elementor-element elementor-element-2427d0e elementor-widget elementor-widget-qi_addons_for_elementor_animated_text\" data-id=\"2427d0e\" data-element_type=\"widget\" data-widget_type=\"qi_addons_for_elementor_animated_text.default\">\n\t\t\t\t<div class=\"elementor-widget-container\">\n\t\t\t\t\t<div class=\"qodef-shortcode qodef-m qodef-qi-animated-text qodef--alignment-center qodef-qi--has-appear qodef--appear-from-bottom\" >\n\t\t<h3 class=\"qodef-m-title\">\n\t\t34\u20ac\t<\/h3>\n<\/div>\n\t\t\t\t<\/div>\n\t\t\t\t<\/div>\n\t\t\t\t<div class=\"elementor-element elementor-element-7eba5f8 elementor-widget elementor-widget-qi_addons_for_elementor_button\" data-id=\"7eba5f8\" data-element_type=\"widget\" data-widget_type=\"qi_addons_for_elementor_button.default\">\n\t\t\t\t<div class=\"elementor-widget-container\">\n\t\t\t\t\t<a class=\"qodef-shortcode qodef-m qodef-qi-button qodef-html--link qodef-layout--filled qodef-type--inner-border qodef-icon--right qodef-hover--icon-move-horizontal-short\" href=\"https:\/\/heartofcoffee.fr\/fr\/produit\/collection-1-the-trail\/\" target=\"_self\">\n\t<span class=\"qodef-m-text\">D\u00c9COUVRIR<\/span>\n\t\t<div class=\"qodef-m-inner-border\">\n\t\t\t\t\t<span class=\"qodef-m-border-top\"><\/span>\n\t\t\t<span class=\"qodef-m-border-right\"><\/span>\n\t\t\t<span class=\"qodef-m-border-bottom\"><\/span>\n\t\t\t<span class=\"qodef-m-border-left\"><\/span>\n\t\t\t\t<\/div>\n\t<\/a>\n\t\t\t\t<\/div>\n\t\t\t\t<\/div>\n\t\t\t\t<\/div>\n\t\t<div class=\"elementor-element elementor-element-e6402ad e-con-full e-flex e-con e-child\" data-id=\"e6402ad\" data-element_type=\"container\" data-settings=\"{&quot;background_background&quot;:&quot;classic&quot;}\">\n\t\t\t\t<div class=\"elementor-element elementor-element-621d735 elementor-widget elementor-widget-qi_addons_for_elementor_animated_text\" data-id=\"621d735\" data-element_type=\"widget\" data-widget_type=\"qi_addons_for_elementor_animated_text.default\">\n\t\t\t\t<div class=\"elementor-widget-container\">\n\t\t\t\t\t<div class=\"qodef-shortcode qodef-m qodef-qi-animated-text qodef--alignment-center qodef-qi--has-appear qodef--appear-from-bottom\" >\n\t\t<h3 class=\"qodef-m-title\">\n\t\tL\u2019Ascension\t<\/h3>\n<\/div>\n\t\t\t\t<\/div>\n\t\t\t\t<\/div>\n\t\t\t\t<div class=\"elementor-element elementor-element-e86004d elementor-widget elementor-widget-qi_addons_for_elementor_animated_text\" data-id=\"e86004d\" data-element_type=\"widget\" data-widget_type=\"qi_addons_for_elementor_animated_text.default\">\n\t\t\t\t<div class=\"elementor-widget-container\">\n\t\t\t\t\t<div class=\"qodef-shortcode qodef-m qodef-qi-animated-text qodef--alignment-center qodef-qi--has-appear qodef--appear-from-bottom\" >\n\t\t<h4 class=\"qodef-m-title\">\n\t\tL\u2019altitude change tout\t<\/h4>\n<\/div>\n\t\t\t\t<\/div>\n\t\t\t\t<\/div>\n\t\t\t\t<div class=\"elementor-element elementor-element-e43b695 elementor-widget elementor-widget-qi_addons_for_elementor_animated_text\" data-id=\"e43b695\" data-element_type=\"widget\" data-widget_type=\"qi_addons_for_elementor_animated_text.default\">\n\t\t\t\t<div class=\"elementor-widget-container\">\n\t\t\t\t\t<div class=\"qodef-shortcode qodef-m qodef-qi-animated-text qodef--alignment-center qodef-qi--has-appear qodef--appear-from-bottom\" >\n\t\t<h3 class=\"qodef-m-title\">\n\t\t30\u20ac\t<\/h3>\n<\/div>\n\t\t\t\t<\/div>\n\t\t\t\t<\/div>\n\t\t\t\t<div class=\"elementor-element elementor-element-8cc0f19 elementor-widget elementor-widget-qi_addons_for_elementor_button\" data-id=\"8cc0f19\" data-element_type=\"widget\" data-widget_type=\"qi_addons_for_elementor_button.default\">\n\t\t\t\t<div class=\"elementor-widget-container\">\n\t\t\t\t\t<a class=\"qodef-shortcode qodef-m qodef-qi-button qodef-html--link qodef-layout--filled qodef-type--inner-border qodef-icon--right qodef-hover--icon-move-horizontal-short\" href=\"https:\/\/heartofcoffee.fr\/fr\/produit\/climb\/\" target=\"_self\">\n\t<span class=\"qodef-m-text\">D\u00c9COUVRIR<\/span>\n\t\t<div class=\"qodef-m-inner-border\">\n\t\t\t\t\t<span class=\"qodef-m-border-top\"><\/span>\n\t\t\t<span class=\"qodef-m-border-right\"><\/span>\n\t\t\t<span class=\"qodef-m-border-bottom\"><\/span>\n\t\t\t<span class=\"qodef-m-border-left\"><\/span>\n\t\t\t\t<\/div>\n\t<\/a>\n\t\t\t\t<\/div>\n\t\t\t\t<\/div>\n\t\t\t\t<\/div>\n\t\t<div class=\"elementor-element elementor-element-ea5a32c e-con-full e-flex e-con e-child\" data-id=\"ea5a32c\" data-element_type=\"container\" data-settings=\"{&quot;background_background&quot;:&quot;classic&quot;}\">\n\t\t\t\t<div class=\"elementor-element elementor-element-7f30e62 elementor-widget elementor-widget-qi_addons_for_elementor_animated_text\" data-id=\"7f30e62\" data-element_type=\"widget\" data-widget_type=\"qi_addons_for_elementor_animated_text.default\">\n\t\t\t\t<div class=\"elementor-widget-container\">\n\t\t\t\t\t<div class=\"qodef-shortcode qodef-m qodef-qi-animated-text qodef--alignment-center qodef-qi--has-appear qodef--appear-from-bottom\" >\n\t\t<h3 class=\"qodef-m-title\">\n\t\tLe Sommet\t<\/h3>\n<\/div>\n\t\t\t\t<\/div>\n\t\t\t\t<\/div>\n\t\t\t\t<div class=\"elementor-element elementor-element-9c110ff elementor-widget elementor-widget-qi_addons_for_elementor_animated_text\" data-id=\"9c110ff\" data-element_type=\"widget\" data-widget_type=\"qi_addons_for_elementor_animated_text.default\">\n\t\t\t\t<div class=\"elementor-widget-container\">\n\t\t\t\t\t<div class=\"qodef-shortcode qodef-m qodef-qi-animated-text qodef--alignment-center qodef-qi--has-appear qodef--appear-from-bottom\" >\n\t\t<h4 class=\"qodef-m-title\">\n\t\tHaute altitude. Expression claire.\t<\/h4>\n<\/div>\n\t\t\t\t<\/div>\n\t\t\t\t<\/div>\n\t\t\t\t<div class=\"elementor-element elementor-element-8dadb26 elementor-widget elementor-widget-qi_addons_for_elementor_animated_text\" data-id=\"8dadb26\" data-element_type=\"widget\" data-widget_type=\"qi_addons_for_elementor_animated_text.default\">\n\t\t\t\t<div class=\"elementor-widget-container\">\n\t\t\t\t\t<div class=\"qodef-shortcode qodef-m qodef-qi-animated-text qodef--alignment-center qodef-qi--has-appear qodef--appear-from-bottom\" >\n\t\t<h3 class=\"qodef-m-title\">\n\t\t32\u20ac\t<\/h3>\n<\/div>\n\t\t\t\t<\/div>\n\t\t\t\t<\/div>\n\t\t\t\t<div class=\"elementor-element elementor-element-c9ccd53 elementor-widget elementor-widget-qi_addons_for_elementor_button\" data-id=\"c9ccd53\" data-element_type=\"widget\" data-widget_type=\"qi_addons_for_elementor_button.default\">\n\t\t\t\t<div class=\"elementor-widget-container\">\n\t\t\t\t\t<a class=\"qodef-shortcode qodef-m qodef-qi-button qodef-html--link qodef-layout--filled qodef-type--inner-border qodef-icon--right qodef-hover--icon-move-horizontal-short\" href=\"https:\/\/heartofcoffee.fr\/fr\/produit\/the-summit\/\" target=\"_self\">\n\t<span class=\"qodef-m-text\">D\u00c9COUVRIR<\/span>\n\t\t<div class=\"qodef-m-inner-border\">\n\t\t\t\t\t<span class=\"qodef-m-border-top\"><\/span>\n\t\t\t<span class=\"qodef-m-border-right\"><\/span>\n\t\t\t<span class=\"qodef-m-border-bottom\"><\/span>\n\t\t\t<span class=\"qodef-m-border-left\"><\/span>\n\t\t\t\t<\/div>\n\t<\/a>\n\t\t\t\t<\/div>\n\t\t\t\t<\/div>\n\t\t\t\t<\/div>\n\t\t<div class=\"elementor-element elementor-element-a119a70 e-con-full e-flex e-con e-child\" data-id=\"a119a70\" data-element_type=\"container\" data-settings=\"{&quot;background_background&quot;:&quot;classic&quot;}\">\n\t\t\t\t<div class=\"elementor-element elementor-element-2e258ce elementor-widget elementor-widget-qi_addons_for_elementor_animated_text\" data-id=\"2e258ce\" data-element_type=\"widget\" data-widget_type=\"qi_addons_for_elementor_animated_text.default\">\n\t\t\t\t<div class=\"elementor-widget-container\">\n\t\t\t\t\t<div class=\"qodef-shortcode qodef-m qodef-qi-animated-text qodef--alignment-center qodef-qi--has-appear qodef--appear-from-bottom\" >\n\t\t<h3 class=\"qodef-m-title\">\n\t\tL'Exp\u00e9dition\t<\/h3>\n<\/div>\n\t\t\t\t<\/div>\n\t\t\t\t<\/div>\n\t\t\t\t<div class=\"elementor-element elementor-element-d137797 elementor-widget elementor-widget-qi_addons_for_elementor_animated_text\" data-id=\"d137797\" data-element_type=\"widget\" data-widget_type=\"qi_addons_for_elementor_animated_text.default\">\n\t\t\t\t<div class=\"elementor-widget-container\">\n\t\t\t\t\t<div class=\"qodef-shortcode qodef-m qodef-qi-animated-text qodef--alignment-center qodef-qi--has-appear qodef--appear-from-bottom\" >\n\t\t<h4 class=\"qodef-m-title\">\n\t\tPour les curieux et les caf\u00e9s rares.\t<\/h4>\n<\/div>\n\t\t\t\t<\/div>\n\t\t\t\t<\/div>\n\t\t\t\t<div class=\"elementor-element elementor-element-05d277e elementor-widget elementor-widget-qi_addons_for_elementor_animated_text\" data-id=\"05d277e\" data-element_type=\"widget\" data-widget_type=\"qi_addons_for_elementor_animated_text.default\">\n\t\t\t\t<div class=\"elementor-widget-container\">\n\t\t\t\t\t<div class=\"qodef-shortcode qodef-m qodef-qi-animated-text qodef--alignment-center qodef-qi--has-appear qodef--appear-from-bottom\" >\n\t\t<h3 class=\"qodef-m-title\">\n\t\t38\u20ac\t<\/h3>\n<\/div>\n\t\t\t\t<\/div>\n\t\t\t\t<\/div>\n\t\t\t\t<div class=\"elementor-element elementor-element-a23293f elementor-widget elementor-widget-qi_addons_for_elementor_button\" data-id=\"a23293f\" data-element_type=\"widget\" data-widget_type=\"qi_addons_for_elementor_button.default\">\n\t\t\t\t<div class=\"elementor-widget-container\">\n\t\t\t\t\t<a class=\"qodef-shortcode qodef-m qodef-qi-button qodef-html--link qodef-layout--filled qodef-type--inner-border qodef-icon--right qodef-hover--icon-move-horizontal-short\" href=\"https:\/\/heartofcoffee.fr\/fr\/produit\/the-expedition\/\" target=\"_self\">\n\t<span class=\"qodef-m-text\">D\u00c9COUVRIR<\/span>\n\t\t<div class=\"qodef-m-inner-border\">\n\t\t\t\t\t<span class=\"qodef-m-border-top\"><\/span>\n\t\t\t<span class=\"qodef-m-border-right\"><\/span>\n\t\t\t<span class=\"qodef-m-border-bottom\"><\/span>\n\t\t\t<span class=\"qodef-m-border-left\"><\/span>\n\t\t\t\t<\/div>\n\t<\/a>\n\t\t\t\t<\/div>\n\t\t\t\t<\/div>\n\t\t\t\t<\/div>\n\t\t\t\t\t<\/div>\n\t\t\t\t<\/div>\n\t\t<div class=\"elementor-element elementor-element-6952f14 e-flex e-con-boxed e-con e-parent\" data-id=\"6952f14\" data-element_type=\"container\">\n\t\t\t\t\t<div class=\"e-con-inner\">\n\t\t\t\t\t<\/div>\n\t\t\t\t<\/div>\n\t\t<div class=\"elementor-element elementor-element-e5fad99 e-flex e-con-boxed e-con e-parent\" data-id=\"e5fad99\" data-element_type=\"container\">\n\t\t\t\t\t<div class=\"e-con-inner\">\n\t\t\t\t<div class=\"elementor-element elementor-element-0fa78ea elementor-widget elementor-widget-edgtf_icon_with_text\" data-id=\"0fa78ea\" data-element_type=\"widget\" data-widget_type=\"edgtf_icon_with_text.default\">\n\t\t\t\t<div class=\"elementor-widget-container\">\n\t\t\t\t\t<div class=\"edgtf-iwt clearfix edgtf-iwt-icon-top edgtf-iwt-icon-small\">\n    <div class=\"edgtf-iwt-icon-holder\">\n                    \n    <span class=\"edgtf-icon-shortcode normal edgtf-icon-small\" style=\"margin: -11px 0px 0px 0px\" data-hover-color=\"#30271C\" data-color=\"#C7A17A\">\n        \n        <i class=\"edgtf-icon-font-awesome fa  edgtf-icon-element\" style=\"color: #C7A17A\" ><\/i>\n            <\/span>\n\n            <\/div>\n    <div class=\"edgtf-iwt-content-holder\" >\n        <div class=\"edgtf-iwt-title-holder\">\n            <h4 >Note sur la disponibilit\u00e9<\/h4>\n        <\/div>\n        <div class=\"edgtf-iwt-text-holder\">\n            <p >Le caf\u00e9 est un produit agricole et sa disponibilit\u00e9 peut varier au cours de l\u2019ann\u00e9e. Il peut donc arriver qu\u2019un caf\u00e9 pr\u00e9sent dans une collection soit remplac\u00e9 par un autre aux caract\u00e9ristiques proches, qu\u2019il s\u2019agisse de l\u2019origine, de l\u2019altitude ou du style. Toute substitution sera toujours indiqu\u00e9e sur la page de la collection.<\/p>\n\n                    <\/div>\n    <\/div>\n<\/div>\t\t\t\t<\/div>\n\t\t\t\t<\/div>\n\t\t\t\t<div class=\"elementor-element elementor-element-d4db984 elementor-widget elementor-widget-spacer\" data-id=\"d4db984\" data-element_type=\"widget\" data-widget_type=\"spacer.default\">\n\t\t\t\t\t\t\t<div class=\"elementor-spacer\">\n\t\t\t<div class=\"elementor-spacer-inner\"><\/div>\n\t\t<\/div>\n\t\t\t\t\t\t<\/div>\n\t\t\t\t\t<\/div>\n\t\t\t\t<\/div>\n\t\t\t\t<\/div>","protected":false},"excerpt":{"rendered":"<p>Discover our Collections A journey through coffee, from trail to summit Coffee reveals itself through comparison. Tasting collections make it easier to understand how different coffees express themselves depending on&#8230;<\/p>","protected":false},"author":1,"featured_media":0,"parent":0,"menu_order":0,"comment_status":"closed","ping_status":"closed","template":"full-width.php","meta":{"footnotes":""},"class_list":["post-19624","page","type-page","status-publish","hentry"],"_links":{"self":[{"href":"https:\/\/heartofcoffee.fr\/fr\/wp-json\/wp\/v2\/pages\/19624","targetHints":{"allow":["GET"]}}],"collection":[{"href":"https:\/\/heartofcoffee.fr\/fr\/wp-json\/wp\/v2\/pages"}],"about":[{"href":"https:\/\/heartofcoffee.fr\/fr\/wp-json\/wp\/v2\/types\/page"}],"author":[{"embeddable":true,"href":"https:\/\/heartofcoffee.fr\/fr\/wp-json\/wp\/v2\/users\/1"}],"replies":[{"embeddable":true,"href":"https:\/\/heartofcoffee.fr\/fr\/wp-json\/wp\/v2\/comments?post=19624"}],"version-history":[{"count":95,"href":"https:\/\/heartofcoffee.fr\/fr\/wp-json\/wp\/v2\/pages\/19624\/revisions"}],"predecessor-version":[{"id":20949,"href":"https:\/\/heartofcoffee.fr\/fr\/wp-json\/wp\/v2\/pages\/19624\/revisions\/20949"}],"wp:attachment":[{"href":"https:\/\/heartofcoffee.fr\/fr\/wp-json\/wp\/v2\/media?parent=19624"}],"curies":[{"name":"wp","href":"https:\/\/api.w.org\/{rel}","templated":true}]}}