{"id":16110,"date":"2025-11-05T16:30:51","date_gmt":"2025-11-05T16:30:51","guid":{"rendered":"https:\/\/heartofcoffee.fr\/?post_type=product&#038;p=16110"},"modified":"2026-03-30T22:35:38","modified_gmt":"2026-03-30T22:35:38","slug":"%f0%9f%87%aa%f0%9f%87%b9-ethiopia-djimmah-natural","status":"publish","type":"product","link":"https:\/\/heartofcoffee.fr\/fr\/produit\/%f0%9f%87%aa%f0%9f%87%b9-ethiopia-djimmah-natural\/","title":{"rendered":"\ud83c\uddea\ud83c\uddf9 Ethiopia \u2013 DJIMMAH"},"content":{"rendered":"<p>\\Ethiopia Djimma 5 provient des paysages historiques de culture du caf\u00e9 dans l\u2019ouest de l\u2019\u00c9thiopie, au c\u0153ur de la c\u00e9l\u00e8bre r\u00e9gion de Djimma \u2014\\ berceau du caf\u00e9. Ici, de petits producteurs cultivent des vari\u00e9t\u00e9s indig\u00e8nes dites \u00ab heirloom \u00bb en altitude, pr\u00e9servant tradition et biodiversit\u00e9 \u00e0 chaque r\u00e9colte.<\/p>\n<p>R\u00e9colt\u00e9 entre octobre et janvier et trait\u00e9 selon la m\u00e9thode naturelle avec soin, Djimma 5 exprime le caract\u00e8re classique de la r\u00e9gion : terrien, profond et subtilement complexe.<\/p>\n<p>L\u2019altitude \u00e9lev\u00e9e, combin\u00e9e \u00e0 des journ\u00e9es chaudes et des nuits fra\u00eeches, permet un d\u00e9veloppement lent des sucres, donnant au caf\u00e9 \u00e0 la fois clart\u00e9 et structure.<\/p>\n<p>En tasse, le profil relie fruit et terre : des notes de baies et une touche vineuse \u00e9quilibr\u00e9es par une base plus ancr\u00e9e, aux accents de noix et de cacao.<\/p>\n<p>Un caf\u00e9 \u00e9thiopien authentique et affirm\u00e9 \u2014 expressif sans exc\u00e8s, suffisamment riche pour s\u00e9duire les amateurs curieux comme pour accompagner le quotidien.<\/p>","protected":false},"excerpt":{"rendered":"<p style=\"font-weight: 400;\">Issu de petits producteurs de la r\u00e9gion de Djimma (1400\u20132100 m), ce caf\u00e9 de vari\u00e9t\u00e9s indig\u00e8nes est trait\u00e9 en m\u00e9thode naturelle et r\u00e9colt\u00e9 entre octobre et janvier. Cultiv\u00e9 en haute altitude, il d\u00e9veloppe lentement ses sucres et exprime le caract\u00e8re profond et authentique de l\u2019\u00c9thiopie. En tasse : notes de baies et touche vineuse, \u00e9quilibr\u00e9es par le cacao, des nuances noisett\u00e9es et une l\u00e9g\u00e8re dimension terreuse, dans un corps moyen structur\u00e9.<\/p>","protected":false},"featured_media":19383,"comment_status":"open","ping_status":"closed","template":"","meta":[],"product_brand":[],"product_cat":[76,50,78,240,273],"product_tag":[134,136,137,135],"class_list":{"0":"post-16110","1":"product","2":"type-product","3":"status-publish","4":"has-post-thumbnail","6":"product_cat-all","7":"product_cat-coffee","8":"product_cat-espresso","9":"product_cat-foundation-grounded-in-ritual","10":"product_cat-omni","11":"product_tag-berry","12":"product_tag-earthy-undertones","13":"product_tag-moderate-acidity-medium-body","14":"product_tag-nutty-cocoa","16":"first","17":"instock","18":"taxable","19":"shipping-taxable","20":"purchasable","21":"product-type-variable","22":"has-default-attributes"},"_links":{"self":[{"href":"https:\/\/heartofcoffee.fr\/fr\/wp-json\/wp\/v2\/product\/16110","targetHints":{"allow":["GET"]}}],"collection":[{"href":"https:\/\/heartofcoffee.fr\/fr\/wp-json\/wp\/v2\/product"}],"about":[{"href":"https:\/\/heartofcoffee.fr\/fr\/wp-json\/wp\/v2\/types\/product"}],"replies":[{"embeddable":true,"href":"https:\/\/heartofcoffee.fr\/fr\/wp-json\/wp\/v2\/comments?post=16110"}],"version-history":[{"count":7,"href":"https:\/\/heartofcoffee.fr\/fr\/wp-json\/wp\/v2\/product\/16110\/revisions"}],"predecessor-version":[{"id":21145,"href":"https:\/\/heartofcoffee.fr\/fr\/wp-json\/wp\/v2\/product\/16110\/revisions\/21145"}],"wp:featuredmedia":[{"embeddable":true,"href":"https:\/\/heartofcoffee.fr\/fr\/wp-json\/wp\/v2\/media\/19383"}],"wp:attachment":[{"href":"https:\/\/heartofcoffee.fr\/fr\/wp-json\/wp\/v2\/media?parent=16110"}],"wp:term":[{"taxonomy":"product_brand","embeddable":true,"href":"https:\/\/heartofcoffee.fr\/fr\/wp-json\/wp\/v2\/product_brand?post=16110"},{"taxonomy":"product_cat","embeddable":true,"href":"https:\/\/heartofcoffee.fr\/fr\/wp-json\/wp\/v2\/product_cat?post=16110"},{"taxonomy":"product_tag","embeddable":true,"href":"https:\/\/heartofcoffee.fr\/fr\/wp-json\/wp\/v2\/product_tag?post=16110"}],"curies":[{"name":"wp","href":"https:\/\/api.w.org\/{rel}","templated":true}]}}