{"id":16113,"date":"2025-11-05T16:32:38","date_gmt":"2025-11-05T16:32:38","guid":{"rendered":"https:\/\/heartofcoffee.fr\/?post_type=product&#038;p=16113"},"modified":"2026-03-30T22:20:09","modified_gmt":"2026-03-30T22:20:09","slug":"%f0%9f%87%a7%f0%9f%87%b7-brazil-fazenda-sao-francisco","status":"publish","type":"product","link":"https:\/\/heartofcoffee.fr\/fr\/produit\/%f0%9f%87%a7%f0%9f%87%b7-brazil-fazenda-sao-francisco\/","title":{"rendered":"\ud83c\udde7\ud83c\uddf7 Br\u00e9sil - FAZENDA S\u00c3O FRANCISCO"},"content":{"rendered":"<p>Fazenda S\u00e3o Francisco est une ferme familiale situ\u00e9e \u00e0 Guaran\u00e9sia, dans le Minas Gerais, dirig\u00e9e par l\u2019agronome Guy Carvalho. D\u00e9fenseur de longue date du caf\u00e9 de sp\u00e9cialit\u00e9 au Br\u00e9sil, il a contribu\u00e9 \u00e0 structurer le mouvement qualit\u00e9 du pays autour d\u2019une conviction simple : le caf\u00e9 doit travailler avec la nature, et non contre elle.<\/p>\n<p>La ferme int\u00e8gre des arbres natifs et favorise la biodiversit\u00e9 dans son syst\u00e8me de production, cr\u00e9ant un \u00e9quilibre plut\u00f4t qu\u2019une monoculture. Ici, la durabilit\u00e9 n\u2019est pas un slogan elle fait partie de la gestion quotidienne des terres, ann\u00e9e apr\u00e8s ann\u00e9e.<\/p>\n<p>Cultiv\u00e9 entre 1000 et 1080 m\u00e8tres d\u2019altitude, le caf\u00e9 m\u00fbrit lentement dans des conditions climatiques stables. Le r\u00e9sultat est une tasse qui refl\u00e8te \u00e0 la fois le terroir et le proc\u00e9d\u00e9 : structur\u00e9e, douce et harmonieuse.<\/p>\n<p>Un caf\u00e9 br\u00e9silien dans ce qu\u2019il a de plus abouti fiable sans \u00eatre monotone, \u00e9quilibr\u00e9 sans \u00eatre plat. Con\u00e7u pour s\u2019int\u00e9grer au quotidien tout en conservant une profondeur discr\u00e8te.<\/p>","protected":false},"excerpt":{"rendered":"<p style=\"font-weight: 400;\">Issu de la Fazenda S\u00e3o Francisco \u00e0 Guaran\u00e9sia (1000\u20131080 m), ce lot men\u00e9 par Guy Carvalho refl\u00e8te une production \u00e9quilibr\u00e9e et respectueuse de la biodiversit\u00e9. Cultiv\u00e9 \u00e0 partir des vari\u00e9t\u00e9s Arara, Catuai, Yellow Catuai, Mundo Novo et Tupi, en proc\u00e9d\u00e9s Nature et Nature d\u00e9pulp\u00e9, il d\u00e9veloppe douceur et structure. En tasse : chocolat au lait, fruits \u00e0 coque grill\u00e9s, prune m\u00fbre et caramel d\u00e9licat, avec une finale ronde et harmonieuse.<\/p>","protected":false},"featured_media":19240,"comment_status":"open","ping_status":"closed","template":"","meta":[],"product_brand":[],"product_cat":[76,50,78,240,273],"product_tag":[101,106,107,103,102,105,104],"class_list":{"0":"post-16113","1":"product","2":"type-product","3":"status-publish","4":"has-post-thumbnail","6":"product_cat-all","7":"product_cat-coffee","8":"product_cat-espresso","9":"product_cat-foundation-grounded-in-ritual","10":"product_cat-omni","11":"product_tag-milk-chocolate","12":"product_tag-natural","13":"product_tag-pulped-natural","14":"product_tag-ripe-plum","15":"product_tag-roasted-nuts","16":"product_tag-round-finish","17":"product_tag-soft-caramel-sweetness","19":"first","20":"instock","21":"taxable","22":"shipping-taxable","23":"purchasable","24":"product-type-variable","25":"has-default-attributes"},"_links":{"self":[{"href":"https:\/\/heartofcoffee.fr\/fr\/wp-json\/wp\/v2\/product\/16113","targetHints":{"allow":["GET"]}}],"collection":[{"href":"https:\/\/heartofcoffee.fr\/fr\/wp-json\/wp\/v2\/product"}],"about":[{"href":"https:\/\/heartofcoffee.fr\/fr\/wp-json\/wp\/v2\/types\/product"}],"replies":[{"embeddable":true,"href":"https:\/\/heartofcoffee.fr\/fr\/wp-json\/wp\/v2\/comments?post=16113"}],"version-history":[{"count":4,"href":"https:\/\/heartofcoffee.fr\/fr\/wp-json\/wp\/v2\/product\/16113\/revisions"}],"predecessor-version":[{"id":21140,"href":"https:\/\/heartofcoffee.fr\/fr\/wp-json\/wp\/v2\/product\/16113\/revisions\/21140"}],"wp:featuredmedia":[{"embeddable":true,"href":"https:\/\/heartofcoffee.fr\/fr\/wp-json\/wp\/v2\/media\/19240"}],"wp:attachment":[{"href":"https:\/\/heartofcoffee.fr\/fr\/wp-json\/wp\/v2\/media?parent=16113"}],"wp:term":[{"taxonomy":"product_brand","embeddable":true,"href":"https:\/\/heartofcoffee.fr\/fr\/wp-json\/wp\/v2\/product_brand?post=16113"},{"taxonomy":"product_cat","embeddable":true,"href":"https:\/\/heartofcoffee.fr\/fr\/wp-json\/wp\/v2\/product_cat?post=16113"},{"taxonomy":"product_tag","embeddable":true,"href":"https:\/\/heartofcoffee.fr\/fr\/wp-json\/wp\/v2\/product_tag?post=16113"}],"curies":[{"name":"wp","href":"https:\/\/api.w.org\/{rel}","templated":true}]}}