{"id":16448,"date":"2025-12-01T09:42:44","date_gmt":"2025-12-01T09:42:44","guid":{"rendered":"https:\/\/heartofcoffee.fr\/?post_type=product&#038;p=16448"},"modified":"2026-04-02T16:55:09","modified_gmt":"2026-04-02T16:55:09","slug":"trucker-heart-og-coffee-hat","status":"publish","type":"product","link":"https:\/\/heartofcoffee.fr\/fr\/produit\/trucker-heart-og-coffee-hat\/","title":{"rendered":"La Casquette du Quotidien"},"content":{"rendered":"<p data-start=\"771\" data-end=\"854\">On n\u2019y pense pas vraiment on la porte, simplement. Cette casquette a tendance \u00e0 suivre.<\/p>\n<p data-start=\"856\" data-end=\"1081\">Du caf\u00e9 du matin aux marches en montagne, elle s\u2019int\u00e8gre naturellement dans la journ\u00e9e. Coton biologique, mat\u00e9riaux recycl\u00e9s, construction classique \u00e0 6 panneaux et boucle m\u00e9tallique YKK ajustable simple, confortable, et faite pour durer.<\/p>\n<p><span data-ogsc=\"black\">Disponible en oat et blue<\/span><\/p>","protected":false},"excerpt":{"rendered":"<p data-start=\"771\" data-end=\"854\">On n\u2019y pense pas vraiment on la porte, simplement. Cette casquette a tendance \u00e0 suivre.<\/p>\n<p data-start=\"856\" data-end=\"1081\">Du caf\u00e9 du matin aux marches en montagne, elle s\u2019int\u00e8gre naturellement dans la journ\u00e9e. Coton biologique, mat\u00e9riaux recycl\u00e9s, construction classique \u00e0 6 panneaux et boucle m\u00e9tallique YKK ajustable simple, confortable, et faite pour durer.<\/p>\n<p><span data-ogsc=\"black\">Disponible en oat et blue<\/span><\/p>","protected":false},"featured_media":19094,"comment_status":"open","ping_status":"closed","template":"","meta":[],"product_brand":[],"product_cat":[54],"product_tag":[],"class_list":{"0":"post-16448","1":"product","2":"type-product","3":"status-publish","4":"has-post-thumbnail","6":"product_cat-merch-gear","8":"first","9":"instock","10":"taxable","11":"shipping-taxable","12":"purchasable","13":"product-type-variable"},"_links":{"self":[{"href":"https:\/\/heartofcoffee.fr\/fr\/wp-json\/wp\/v2\/product\/16448","targetHints":{"allow":["GET"]}}],"collection":[{"href":"https:\/\/heartofcoffee.fr\/fr\/wp-json\/wp\/v2\/product"}],"about":[{"href":"https:\/\/heartofcoffee.fr\/fr\/wp-json\/wp\/v2\/types\/product"}],"replies":[{"embeddable":true,"href":"https:\/\/heartofcoffee.fr\/fr\/wp-json\/wp\/v2\/comments?post=16448"}],"version-history":[{"count":7,"href":"https:\/\/heartofcoffee.fr\/fr\/wp-json\/wp\/v2\/product\/16448\/revisions"}],"predecessor-version":[{"id":21261,"href":"https:\/\/heartofcoffee.fr\/fr\/wp-json\/wp\/v2\/product\/16448\/revisions\/21261"}],"wp:featuredmedia":[{"embeddable":true,"href":"https:\/\/heartofcoffee.fr\/fr\/wp-json\/wp\/v2\/media\/19094"}],"wp:attachment":[{"href":"https:\/\/heartofcoffee.fr\/fr\/wp-json\/wp\/v2\/media?parent=16448"}],"wp:term":[{"taxonomy":"product_brand","embeddable":true,"href":"https:\/\/heartofcoffee.fr\/fr\/wp-json\/wp\/v2\/product_brand?post=16448"},{"taxonomy":"product_cat","embeddable":true,"href":"https:\/\/heartofcoffee.fr\/fr\/wp-json\/wp\/v2\/product_cat?post=16448"},{"taxonomy":"product_tag","embeddable":true,"href":"https:\/\/heartofcoffee.fr\/fr\/wp-json\/wp\/v2\/product_tag?post=16448"}],"curies":[{"name":"wp","href":"https:\/\/api.w.org\/{rel}","templated":true}]}}