{"id":16452,"date":"2025-12-01T09:46:04","date_gmt":"2025-12-01T09:46:04","guid":{"rendered":"https:\/\/heartofcoffee.fr\/?post_type=product&#038;p=16452"},"modified":"2026-04-02T17:01:45","modified_gmt":"2026-04-02T17:01:45","slug":"tote-bag-heart-of-coffee","status":"publish","type":"product","link":"https:\/\/heartofcoffee.fr\/fr\/produit\/tote-bag-heart-of-coffee\/","title":{"rendered":"Le Tote Bag Caf\u00e9"},"content":{"rendered":"<p data-start=\"419\" data-end=\"509\">Certaines choses ne mettent pas longtemps \u00e0 faire partie du quotidien. M\u00eame sans l\u2019avoir pr\u00e9vu, cela arrive.<br data-start=\"479\" data-end=\"482\" \/>Ce tote en fait partie.<\/p>\n<p data-start=\"511\" data-end=\"745\">En coton biologique, imprim\u00e9 \u00e0 la demande, il est con\u00e7u pour porter ce que la journ\u00e9e demande courses, livres, ou quelques paquets de caf\u00e9. Durable, simple et r\u00e9utilisable, c\u2019est le genre de sac qui finit par vous suivre partout.<\/p>","protected":false},"excerpt":{"rendered":"<p data-start=\"419\" data-end=\"509\">Certaines choses ne mettent pas longtemps \u00e0 faire partie du quotidien. M\u00eame sans l\u2019avoir pr\u00e9vu, cela arrive.<br data-start=\"479\" data-end=\"482\" \/>Ce tote en fait partie.<\/p>\n<p data-start=\"511\" data-end=\"745\">En coton biologique, imprim\u00e9 \u00e0 la demande, il est con\u00e7u pour porter ce que la journ\u00e9e demande courses, livres, ou quelques paquets de caf\u00e9. Durable, simple et r\u00e9utilisable, c\u2019est le genre de sac qui finit par vous suivre partout.<\/p>","protected":false},"featured_media":19088,"comment_status":"open","ping_status":"closed","template":"","meta":[],"product_brand":[],"product_cat":[54],"product_tag":[],"class_list":{"0":"post-16452","1":"product","2":"type-product","3":"status-publish","4":"has-post-thumbnail","6":"product_cat-merch-gear","8":"first","9":"instock","10":"taxable","11":"shipping-taxable","12":"purchasable","13":"product-type-simple"},"_links":{"self":[{"href":"https:\/\/heartofcoffee.fr\/fr\/wp-json\/wp\/v2\/product\/16452","targetHints":{"allow":["GET"]}}],"collection":[{"href":"https:\/\/heartofcoffee.fr\/fr\/wp-json\/wp\/v2\/product"}],"about":[{"href":"https:\/\/heartofcoffee.fr\/fr\/wp-json\/wp\/v2\/types\/product"}],"replies":[{"embeddable":true,"href":"https:\/\/heartofcoffee.fr\/fr\/wp-json\/wp\/v2\/comments?post=16452"}],"version-history":[{"count":6,"href":"https:\/\/heartofcoffee.fr\/fr\/wp-json\/wp\/v2\/product\/16452\/revisions"}],"predecessor-version":[{"id":21268,"href":"https:\/\/heartofcoffee.fr\/fr\/wp-json\/wp\/v2\/product\/16452\/revisions\/21268"}],"wp:featuredmedia":[{"embeddable":true,"href":"https:\/\/heartofcoffee.fr\/fr\/wp-json\/wp\/v2\/media\/19088"}],"wp:attachment":[{"href":"https:\/\/heartofcoffee.fr\/fr\/wp-json\/wp\/v2\/media?parent=16452"}],"wp:term":[{"taxonomy":"product_brand","embeddable":true,"href":"https:\/\/heartofcoffee.fr\/fr\/wp-json\/wp\/v2\/product_brand?post=16452"},{"taxonomy":"product_cat","embeddable":true,"href":"https:\/\/heartofcoffee.fr\/fr\/wp-json\/wp\/v2\/product_cat?post=16452"},{"taxonomy":"product_tag","embeddable":true,"href":"https:\/\/heartofcoffee.fr\/fr\/wp-json\/wp\/v2\/product_tag?post=16452"}],"curies":[{"name":"wp","href":"https:\/\/api.w.org\/{rel}","templated":true}]}}