{"id":18737,"date":"2026-02-20T13:10:10","date_gmt":"2026-02-20T13:10:10","guid":{"rendered":"https:\/\/heartofcoffee.fr\/?post_type=product&#038;p=18737"},"modified":"2026-03-30T22:30:40","modified_gmt":"2026-03-30T22:30:40","slug":"jamaica-blue-mountain","status":"publish","type":"product","link":"https:\/\/heartofcoffee.fr\/fr\/produit\/jamaica-blue-mountain\/","title":{"rendered":"\ud83c\uddef\ud83c\uddf2 JAMAICA \u2013 BLUE MOUNTAIN"},"content":{"rendered":"<p>Le caf\u00e9 Jamaica Blue Mountain est cultiv\u00e9 exclusivement dans les Blue Mountains de l\u2019est de la Jama\u00efque, l\u2019une des r\u00e9gions caf\u00e9i\u00e8res les plus r\u00e9glement\u00e9es et prestigieuses au monde. Seul le caf\u00e9 certifi\u00e9 dans cette zone g\u00e9ographique prot\u00e9g\u00e9e peut porter le nom Blue Mountain, garantissant un contr\u00f4le strict de l\u2019origine et des standards de qualit\u00e9 exceptionnels.<\/p>\n<p>Les brumes fra\u00eeches d\u2019altitude, les sols volcaniques riches et des pr\u00e9cipitations r\u00e9guli\u00e8res permettent aux cerises de m\u00fbrir lentement en montagne. Cette maturation prolong\u00e9e d\u00e9veloppe une douceur remarquable, une grande clart\u00e9 aromatique et un \u00e9quilibre pr\u00e9cis \u2014 signatures du v\u00e9ritable Blue Mountain. Chaque cerise est cueillie \u00e0 la main, soigneusement lav\u00e9e puis s\u00e9ch\u00e9e afin de pr\u00e9server son caract\u00e8re raffin\u00e9.<\/p>\n<p>Les volumes de production sont faibles et strictement limit\u00e9s par la g\u00e9ographie. Associ\u00e9 \u00e0 un traitement m\u00e9ticuleux et \u00e0 une forte demande mondiale, cela en fait l\u2019un des caf\u00e9s les plus rares et les plus recherch\u00e9s au monde.<\/p>\n<p>En tasse, il est lumineux mais ma\u00eetris\u00e9 : une acidit\u00e9 vive de citron vert et la fra\u00eecheur des fruits rouges rencontrent une douceur d\u00e9licate et de subtiles notes chocolat\u00e9es. Net, \u00e9l\u00e9gant et exceptionnellement soyeux.<\/p>\n<p><strong>SPECIAL : Caf\u00e9 rare et premium, hautement recherch\u00e9<\/strong><\/p>\n<div id=\"gtx-trans\" style=\"position: absolute; left: -16px; top: 232px;\">\n<div class=\"gtx-trans-icon\"><\/div>\n<\/div>","protected":false},"excerpt":{"rendered":"<p style=\"font-weight: 400;\">Cultiv\u00e9 dans la r\u00e9gion prot\u00e9g\u00e9e des Blue Mountains en Jama\u00efque (915\u20131100 m), ce Typica lav\u00e9 m\u00fbrit lentement sous les brumes fra\u00eeches et sur sols volcaniques. R\u00e9colt\u00e9 \u00e0 la main et trait\u00e9 avec pr\u00e9cision par des domaines certifi\u00e9s, il exprime la raret\u00e9 et l\u2019exigence de son origine. En tasse : acidit\u00e9 vive de citron vert, fra\u00eecheur de fruits rouges, douceur d\u00e9licate et notes chocolat\u00e9es dans une finale nette et soyeuse.<\/p>","protected":false},"featured_media":19258,"comment_status":"open","ping_status":"closed","template":"","meta":[],"product_brand":[],"product_cat":[76,50,77,276,273],"product_tag":[119,165,164,166,167],"class_list":{"0":"post-18737","1":"product","2":"type-product","3":"status-publish","4":"has-post-thumbnail","6":"product_cat-all","7":"product_cat-coffee","8":"product_cat-filter","9":"product_cat-icon","10":"product_cat-omni","11":"product_tag-chocolat","12":"product_tag-lime","13":"product_tag-red-berries","14":"product_tag-sweet","15":"product_tag-very-bright","17":"first","18":"instock","19":"taxable","20":"shipping-taxable","21":"purchasable","22":"product-type-variable","23":"has-default-attributes"},"_links":{"self":[{"href":"https:\/\/heartofcoffee.fr\/fr\/wp-json\/wp\/v2\/product\/18737","targetHints":{"allow":["GET"]}}],"collection":[{"href":"https:\/\/heartofcoffee.fr\/fr\/wp-json\/wp\/v2\/product"}],"about":[{"href":"https:\/\/heartofcoffee.fr\/fr\/wp-json\/wp\/v2\/types\/product"}],"replies":[{"embeddable":true,"href":"https:\/\/heartofcoffee.fr\/fr\/wp-json\/wp\/v2\/comments?post=18737"}],"version-history":[{"count":4,"href":"https:\/\/heartofcoffee.fr\/fr\/wp-json\/wp\/v2\/product\/18737\/revisions"}],"predecessor-version":[{"id":21143,"href":"https:\/\/heartofcoffee.fr\/fr\/wp-json\/wp\/v2\/product\/18737\/revisions\/21143"}],"wp:featuredmedia":[{"embeddable":true,"href":"https:\/\/heartofcoffee.fr\/fr\/wp-json\/wp\/v2\/media\/19258"}],"wp:attachment":[{"href":"https:\/\/heartofcoffee.fr\/fr\/wp-json\/wp\/v2\/media?parent=18737"}],"wp:term":[{"taxonomy":"product_brand","embeddable":true,"href":"https:\/\/heartofcoffee.fr\/fr\/wp-json\/wp\/v2\/product_brand?post=18737"},{"taxonomy":"product_cat","embeddable":true,"href":"https:\/\/heartofcoffee.fr\/fr\/wp-json\/wp\/v2\/product_cat?post=18737"},{"taxonomy":"product_tag","embeddable":true,"href":"https:\/\/heartofcoffee.fr\/fr\/wp-json\/wp\/v2\/product_tag?post=18737"}],"curies":[{"name":"wp","href":"https:\/\/api.w.org\/{rel}","templated":true}]}}