{"id":19032,"date":"2026-03-02T08:05:09","date_gmt":"2026-03-02T08:05:09","guid":{"rendered":"https:\/\/heartofcoffee.fr\/?post_type=product&#038;p=19032"},"modified":"2026-04-02T16:58:02","modified_gmt":"2026-04-02T16:58:02","slug":"heart-of-coffee-metal-cup","status":"publish","type":"product","link":"https:\/\/heartofcoffee.fr\/fr\/produit\/heart-of-coffee-metal-cup\/","title":{"rendered":"La Tasse Outdoor"},"content":{"rendered":"<p data-start=\"402\" data-end=\"565\">Le caf\u00e9 trouve toujours sa place dans la journ\u00e9e.<br data-start=\"453\" data-end=\"456\" \/>Cette tasse est faite pour ces moments \u00e0 la table de la cuisine, \u00e0 la torr\u00e9faction, ou dehors, lors d\u2019un matin plus lent.<\/p>\n<p data-start=\"567\" data-end=\"692\">L\u00e9g\u00e8re, r\u00e9sistante, avec un bord en acier inoxydable, c\u2019est le genre de tasse qui fonctionne simplement partout o\u00f9 le caf\u00e9 trouve sa place.<\/p>\n<p data-start=\"567\" data-end=\"692\">Tasse en \u00e9mail \u2014 300 ml<\/p>","protected":false},"excerpt":{"rendered":"<p data-start=\"402\" data-end=\"565\">Le caf\u00e9 trouve toujours sa place dans la journ\u00e9e.<br data-start=\"453\" data-end=\"456\" \/>Cette tasse est faite pour ces moments \u00e0 la table de la cuisine, \u00e0 la torr\u00e9faction, ou dehors, lors d\u2019un matin plus lent.<\/p>\n<p data-start=\"567\" data-end=\"692\">L\u00e9g\u00e8re, r\u00e9sistante, avec un bord en acier inoxydable, c\u2019est le genre de tasse qui fonctionne simplement partout o\u00f9 le caf\u00e9 trouve sa place.<\/p>\n<p data-start=\"567\" data-end=\"692\">Tasse en \u00e9mail \u2014 300 ml<\/p>","protected":false},"featured_media":19033,"comment_status":"open","ping_status":"closed","template":"","meta":[],"product_brand":[],"product_cat":[54],"product_tag":[],"class_list":{"0":"post-19032","1":"product","2":"type-product","3":"status-publish","4":"has-post-thumbnail","6":"product_cat-merch-gear","8":"first","9":"instock","10":"taxable","11":"shipping-taxable","12":"purchasable","13":"product-type-simple"},"_links":{"self":[{"href":"https:\/\/heartofcoffee.fr\/fr\/wp-json\/wp\/v2\/product\/19032","targetHints":{"allow":["GET"]}}],"collection":[{"href":"https:\/\/heartofcoffee.fr\/fr\/wp-json\/wp\/v2\/product"}],"about":[{"href":"https:\/\/heartofcoffee.fr\/fr\/wp-json\/wp\/v2\/types\/product"}],"replies":[{"embeddable":true,"href":"https:\/\/heartofcoffee.fr\/fr\/wp-json\/wp\/v2\/comments?post=19032"}],"version-history":[{"count":6,"href":"https:\/\/heartofcoffee.fr\/fr\/wp-json\/wp\/v2\/product\/19032\/revisions"}],"predecessor-version":[{"id":21265,"href":"https:\/\/heartofcoffee.fr\/fr\/wp-json\/wp\/v2\/product\/19032\/revisions\/21265"}],"wp:featuredmedia":[{"embeddable":true,"href":"https:\/\/heartofcoffee.fr\/fr\/wp-json\/wp\/v2\/media\/19033"}],"wp:attachment":[{"href":"https:\/\/heartofcoffee.fr\/fr\/wp-json\/wp\/v2\/media?parent=19032"}],"wp:term":[{"taxonomy":"product_brand","embeddable":true,"href":"https:\/\/heartofcoffee.fr\/fr\/wp-json\/wp\/v2\/product_brand?post=19032"},{"taxonomy":"product_cat","embeddable":true,"href":"https:\/\/heartofcoffee.fr\/fr\/wp-json\/wp\/v2\/product_cat?post=19032"},{"taxonomy":"product_tag","embeddable":true,"href":"https:\/\/heartofcoffee.fr\/fr\/wp-json\/wp\/v2\/product_tag?post=19032"}],"curies":[{"name":"wp","href":"https:\/\/api.w.org\/{rel}","templated":true}]}}