{"id":19278,"date":"2026-03-04T17:08:09","date_gmt":"2026-03-04T17:08:09","guid":{"rendered":"https:\/\/heartofcoffee.fr\/?post_type=product&#038;p=19278"},"modified":"2026-03-23T15:35:24","modified_gmt":"2026-03-23T15:35:24","slug":"%f0%9f%87%a8%f0%9f%87%b4-colombia-tres-dragones","status":"publish","type":"product","link":"https:\/\/heartofcoffee.fr\/fr\/produit\/%f0%9f%87%a8%f0%9f%87%b4-colombia-tres-dragones\/","title":{"rendered":"\ud83c\udde8\ud83c\uddf4 COLOMBIA \u2013 TRES DRAGONES"},"content":{"rendered":"<p>Tres Dragones provient de Potosi, la ferme historique \u00e0 l\u2019origine de l\u2019aventure Caf\u00e9 Granja La Esperanza \u00e0 Caicedonia, dans le Valle del Cauca. Son nom fait r\u00e9f\u00e9rence aux trois s\u00e9choirs m\u00e9caniques qui, en 2018, furent \u00e0 l\u2019origine d\u2019un incendie un \u00e9pisode heureusement sans bless\u00e9s, devenu depuis une l\u00e9gende associ\u00e9e \u00e0 l\u2019un des caf\u00e9s embl\u00e9matiques du domaine.<\/p>\n<p>Potosi s\u2019\u00e9tend sur 74 hectares, dont 52 consacr\u00e9s au caf\u00e9 et 22 pr\u00e9serv\u00e9s en for\u00eat. C\u2019est la plus grande ferme de Caicedonia et un v\u00e9ritable laboratoire vari\u00e9tal. Bien que de nombreuses vari\u00e9t\u00e9s y soient cultiv\u00e9es, ce lot met \u00e0 l\u2019honneur une seule vari\u00e9t\u00e9 Colombia, permettant une expression claire et structur\u00e9e du terroir et du proc\u00e9d\u00e9.<\/p>\n<p>Les cerises sont r\u00e9colt\u00e9es \u00e0 maturit\u00e9 optimale puis tri\u00e9es par flottaison, avec mesure du taux de sucre (Brix) avant fermentation. Une premi\u00e8re fermentation a\u00e9robie de 24 heures initie le d\u00e9veloppement aromatique, suivie d\u2019une fermentation ana\u00e9robie de 72 heures qui intensifie la complexit\u00e9 et la profondeur. Le s\u00e9chage s\u2019effectue ensuite en s\u00e9choirs m\u00e9caniques \u00e0 38 \u00b0C avant stabilisation en environnement contr\u00f4l\u00e9.<\/p>\n<p>En tasse, Tres Dragones est intense et structur\u00e9 : l\u2019ananas et le jacquier ouvrent la d\u00e9gustation, suivis par la poire et une douceur rappelant la confiserie, relev\u00e9es par une note chaleureuse de whisky. En refroidissant, apparaissent des touches discr\u00e8tes de fruits rouges et une trame chocolat\u00e9e d\u00e9licate. Exp\u00e9rimental, pr\u00e9cis et audacieux une expression colombienne moderne port\u00e9e par la ma\u00eetrise du process.<\/p>\n<p><strong>SPECIAL: Double fermentation<\/strong><\/p>\n<div id=\"gtx-trans\" style=\"position: absolute; left: 416px; top: 328px;\">\n<div class=\"gtx-trans-icon\"><\/div>\n<\/div>","protected":false},"excerpt":{"rendered":"<p>Cultiv\u00e9 \u00e0 Potosi, \u00e0 Caicedonia, Tres Dragones est un lot mono-vari\u00e9tal Colombia fa\u00e7onn\u00e9 par une double fermentation (24h a\u00e9robie + 72h ana\u00e9robie). S\u00e9ch\u00e9 et stabilis\u00e9 avec pr\u00e9cision, il r\u00e9v\u00e8le une intensit\u00e9 tropicale et une grande profondeur aromatique. En tasse : ananas, jacquier, poire et douceur confiserie, avec une touche chaleureuse de whisky et des nuances discr\u00e8tes de fruits rouges et chocolat.<\/p>","protected":false},"featured_media":19252,"comment_status":"open","ping_status":"closed","template":"","meta":[],"product_brand":[],"product_cat":[76,50,78,275,77],"product_tag":[254,119,257,255,258,256],"class_list":{"0":"post-19278","1":"product","2":"type-product","3":"status-publish","4":"has-post-thumbnail","6":"product_cat-all","7":"product_cat-coffee","8":"product_cat-espresso","9":"product_cat-experimental","10":"product_cat-filter","11":"product_tag-candy","12":"product_tag-chocolat","13":"product_tag-jackfruit","14":"product_tag-pear","15":"product_tag-pineapple","16":"product_tag-whisky","18":"first","19":"instock","20":"taxable","21":"shipping-taxable","22":"purchasable","23":"product-type-variable","24":"has-default-attributes"},"_links":{"self":[{"href":"https:\/\/heartofcoffee.fr\/fr\/wp-json\/wp\/v2\/product\/19278","targetHints":{"allow":["GET"]}}],"collection":[{"href":"https:\/\/heartofcoffee.fr\/fr\/wp-json\/wp\/v2\/product"}],"about":[{"href":"https:\/\/heartofcoffee.fr\/fr\/wp-json\/wp\/v2\/types\/product"}],"replies":[{"embeddable":true,"href":"https:\/\/heartofcoffee.fr\/fr\/wp-json\/wp\/v2\/comments?post=19278"}],"version-history":[{"count":1,"href":"https:\/\/heartofcoffee.fr\/fr\/wp-json\/wp\/v2\/product\/19278\/revisions"}],"predecessor-version":[{"id":19281,"href":"https:\/\/heartofcoffee.fr\/fr\/wp-json\/wp\/v2\/product\/19278\/revisions\/19281"}],"wp:featuredmedia":[{"embeddable":true,"href":"https:\/\/heartofcoffee.fr\/fr\/wp-json\/wp\/v2\/media\/19252"}],"wp:attachment":[{"href":"https:\/\/heartofcoffee.fr\/fr\/wp-json\/wp\/v2\/media?parent=19278"}],"wp:term":[{"taxonomy":"product_brand","embeddable":true,"href":"https:\/\/heartofcoffee.fr\/fr\/wp-json\/wp\/v2\/product_brand?post=19278"},{"taxonomy":"product_cat","embeddable":true,"href":"https:\/\/heartofcoffee.fr\/fr\/wp-json\/wp\/v2\/product_cat?post=19278"},{"taxonomy":"product_tag","embeddable":true,"href":"https:\/\/heartofcoffee.fr\/fr\/wp-json\/wp\/v2\/product_tag?post=19278"}],"curies":[{"name":"wp","href":"https:\/\/api.w.org\/{rel}","templated":true}]}}