{"id":19288,"date":"2026-03-04T17:21:28","date_gmt":"2026-03-04T17:21:28","guid":{"rendered":"https:\/\/heartofcoffee.fr\/?post_type=product&#038;p=19288"},"modified":"2026-03-23T15:34:55","modified_gmt":"2026-03-23T15:34:55","slug":"%f0%9f%87%a8%f0%9f%87%b4-colombia-sweet-valley-2024","status":"publish","type":"product","link":"https:\/\/heartofcoffee.fr\/fr\/produit\/%f0%9f%87%a8%f0%9f%87%b4-colombia-sweet-valley-2024\/","title":{"rendered":"\ud83c\udde8\ud83c\uddf4 COLOMBIA \u2013 SWEET VALLEY \u2013 2024"},"content":{"rendered":"<p>Colombie Sweet Valley provient de La Esperanza, l\u2019une des fermes embl\u00e9matiques de Caf\u00e9 Granja \u00e0 Trujilo. Domaine familial ancr\u00e9 \u00e0 la fois dans la tradition et l\u2019innovation, La Esperanza conjugue hospitalit\u00e9 et pr\u00e9cision, avec son laboratoire de d\u00e9gustation surplombant les montagnes et ses installations de traitement rigoureusement ma\u00eetris\u00e9es au c\u0153ur de la propri\u00e9t\u00e9.<\/p>\n<p>Ce field blend r\u00e9unit les vari\u00e9t\u00e9s Caturra, Castillo et Colombia, illustrant l\u2019engagement de la ferme envers l\u2019expression vari\u00e9tale et la ma\u00eetrise de la fermentation. Seules les cerises les plus m\u00fbres sont s\u00e9lectionn\u00e9es et tri\u00e9es par flottaison afin de garantir densit\u00e9 et qualit\u00e9, avant une fermentation \u00e0 l\u2019air libre de 72 heures destin\u00e9e \u00e0 r\u00e9v\u00e9ler toute la profondeur aromatique. Le caf\u00e9 est ensuite s\u00e9ch\u00e9 d\u00e9licatement en silos m\u00e9caniques contr\u00f4l\u00e9s puis stabilis\u00e9 dans des conditions strictement surveill\u00e9es afin de pr\u00e9server clart\u00e9 et vivacit\u00e9.<\/p>\n<p>En tasse, le profil est expressif tout en restant structur\u00e9 : des fruits rouges en couches rencontrent une fra\u00eecheur \u00e9voquant le vin blanc, soutenue par une trame chocolat\u00e9e raffin\u00e9e. Vibrant, pr\u00e9cis et port\u00e9 par le fruit une expression colombienne moderne fa\u00e7onn\u00e9e par la ma\u00eetrise et l\u2019attention au d\u00e9tail.<\/p>\n<p>&nbsp;<\/p>","protected":false},"excerpt":{"rendered":"<p>Le Sweet Valley de La Esperanza est un field blend (Caturra, Castillo, Colombia) cultiv\u00e9 \u00e0 Trujilo et ferment\u00e9 72 heures pour r\u00e9v\u00e9ler toute sa profondeur aromatique. S\u00e9ch\u00e9 et stabilis\u00e9 avec pr\u00e9cision, il offre clart\u00e9 et \u00e9quilibre. En tasse : fruits rouges, fra\u00eecheur vin blanc et finale chocolat\u00e9e \u00e9l\u00e9gante structur\u00e9, expressif et r\u00e9solument colombien.<\/p>\n<p>&nbsp;<\/p>","protected":false},"featured_media":19248,"comment_status":"open","ping_status":"closed","template":"","meta":[],"product_brand":[],"product_cat":[76,50,78,77,273,274],"product_tag":[270,272,271],"class_list":{"0":"post-19288","1":"product","2":"type-product","3":"status-publish","4":"has-post-thumbnail","6":"product_cat-all","7":"product_cat-coffee","8":"product_cat-espresso","9":"product_cat-filter","10":"product_cat-omni","11":"product_cat-selection","12":"product_tag-chocolate","13":"product_tag-red-fruits","14":"product_tag-white-wine","16":"first","17":"instock","18":"taxable","19":"shipping-taxable","20":"purchasable","21":"product-type-variable","22":"has-default-attributes"},"_links":{"self":[{"href":"https:\/\/heartofcoffee.fr\/fr\/wp-json\/wp\/v2\/product\/19288","targetHints":{"allow":["GET"]}}],"collection":[{"href":"https:\/\/heartofcoffee.fr\/fr\/wp-json\/wp\/v2\/product"}],"about":[{"href":"https:\/\/heartofcoffee.fr\/fr\/wp-json\/wp\/v2\/types\/product"}],"replies":[{"embeddable":true,"href":"https:\/\/heartofcoffee.fr\/fr\/wp-json\/wp\/v2\/comments?post=19288"}],"version-history":[{"count":3,"href":"https:\/\/heartofcoffee.fr\/fr\/wp-json\/wp\/v2\/product\/19288\/revisions"}],"predecessor-version":[{"id":20083,"href":"https:\/\/heartofcoffee.fr\/fr\/wp-json\/wp\/v2\/product\/19288\/revisions\/20083"}],"wp:featuredmedia":[{"embeddable":true,"href":"https:\/\/heartofcoffee.fr\/fr\/wp-json\/wp\/v2\/media\/19248"}],"wp:attachment":[{"href":"https:\/\/heartofcoffee.fr\/fr\/wp-json\/wp\/v2\/media?parent=19288"}],"wp:term":[{"taxonomy":"product_brand","embeddable":true,"href":"https:\/\/heartofcoffee.fr\/fr\/wp-json\/wp\/v2\/product_brand?post=19288"},{"taxonomy":"product_cat","embeddable":true,"href":"https:\/\/heartofcoffee.fr\/fr\/wp-json\/wp\/v2\/product_cat?post=19288"},{"taxonomy":"product_tag","embeddable":true,"href":"https:\/\/heartofcoffee.fr\/fr\/wp-json\/wp\/v2\/product_tag?post=19288"}],"curies":[{"name":"wp","href":"https:\/\/api.w.org\/{rel}","templated":true}]}}