{"id":19605,"date":"2026-03-12T16:36:42","date_gmt":"2026-03-12T16:36:42","guid":{"rendered":"https:\/\/heartofcoffee.fr\/?post_type=product&#038;p=19605"},"modified":"2026-03-25T06:44:36","modified_gmt":"2026-03-25T06:44:36","slug":"collection-1-the-trail","status":"publish","type":"product","link":"https:\/\/heartofcoffee.fr\/fr\/produit\/collection-1-the-trail\/","title":{"rendered":"Le Trail"},"content":{"rendered":"<p>Le Trail est l\u2019introduction la plus compl\u00e8te \u00e0 l\u2019univers Heart of Coffee. Cette collection rassemble un caf\u00e9 de chacun de nos niveaux, d\u2019une base \u00e9quilibr\u00e9e du quotidien \u00e0 un micro-lot rare, afin de d\u00e9couvrir toute l\u2019\u00e9tendue de ce que le caf\u00e9 peut exprimer.<\/p>\n<p>Elle commence par un profil br\u00e9silien classique, se poursuit avec une s\u00e9lection d\u2019altitude plus expressive, explore une fermentation exp\u00e9rimentale et se termine par un rare lot de Geisha. Un chemin simple \u00e0 travers les diff\u00e9rents moments que le caf\u00e9 peut offrir<\/p>\n<p>Caf\u00e9s dans cette collection<\/p>\n<p>\u00b7 Brazil Fazenda S\u00e3o Francisco (100g)<\/p>\n<p>\u00b7 Guatemala Las Moritas Pacamara (100g)<\/p>\n<p>\u00b7 Colombia Danilo Perez 200h (100g)<\/p>\n<p>\u00b7 Colombia Geisha (65g)<\/p>","protected":false},"excerpt":{"rendered":"<p>Le Trail est l\u2019introduction la plus compl\u00e8te \u00e0 l\u2019univers Heart of Coffee. Cette collection rassemble un caf\u00e9 de chacun de nos niveaux, d\u2019une base \u00e9quilibr\u00e9e du quotidien \u00e0 un micro-lot rare, afin de d\u00e9couvrir toute l\u2019\u00e9tendue de ce que le caf\u00e9 peut exprimer.<\/p>\n<p>Elle commence par un profil br\u00e9silien classique, se poursuit avec une s\u00e9lection d\u2019altitude plus expressive, explore une fermentation exp\u00e9rimentale et se termine par un rare lot de Geisha. Un chemin simple \u00e0 travers les diff\u00e9rents moments que le caf\u00e9 peut offrir<\/p>\n<p>Caf\u00e9s dans cette collection<\/p>\n<p><strong>\u00b7 Brazil Fazenda S\u00e3o Francisco (100g)<\/strong><\/p>\n<p><strong>\u00b7 Guatemala Las Moritas Pacamara (100g)<\/strong><\/p>\n<p><strong>\u00b7 Colombia Danilo Perez 200h (100g)<\/strong><\/p>\n<p><strong>\u00b7 Colombia Geisha (65g)<\/strong><\/p>\n<p>Le caf\u00e9 est un produit agricole et sa disponibilit\u00e9 peut varier au cours de l\u2019ann\u00e9e. Il peut donc arriver qu\u2019un caf\u00e9 pr\u00e9sent dans une collection soit remplac\u00e9 par un autre aux caract\u00e9ristiques proches, qu\u2019il s\u2019agisse de l\u2019origine, de l\u2019altitude ou du style. Toute substitution sera toujours indiqu\u00e9e sur la page de la collection.<\/p>\n<div id=\"gtx-trans\" style=\"position: absolute; left: -3px; top: 158px;\">\n<div class=\"gtx-trans-icon\"><\/div>\n<\/div>","protected":false},"featured_media":20513,"comment_status":"open","ping_status":"closed","template":"","meta":[],"product_brand":[],"product_cat":[278],"product_tag":[],"class_list":{"0":"post-19605","1":"product","2":"type-product","3":"status-publish","4":"has-post-thumbnail","6":"product_cat-tasting-collections","8":"first","9":"instock","10":"taxable","11":"shipping-taxable","12":"purchasable","13":"product-type-simple"},"_links":{"self":[{"href":"https:\/\/heartofcoffee.fr\/fr\/wp-json\/wp\/v2\/product\/19605","targetHints":{"allow":["GET"]}}],"collection":[{"href":"https:\/\/heartofcoffee.fr\/fr\/wp-json\/wp\/v2\/product"}],"about":[{"href":"https:\/\/heartofcoffee.fr\/fr\/wp-json\/wp\/v2\/types\/product"}],"replies":[{"embeddable":true,"href":"https:\/\/heartofcoffee.fr\/fr\/wp-json\/wp\/v2\/comments?post=19605"}],"version-history":[{"count":7,"href":"https:\/\/heartofcoffee.fr\/fr\/wp-json\/wp\/v2\/product\/19605\/revisions"}],"predecessor-version":[{"id":19725,"href":"https:\/\/heartofcoffee.fr\/fr\/wp-json\/wp\/v2\/product\/19605\/revisions\/19725"}],"wp:featuredmedia":[{"embeddable":true,"href":"https:\/\/heartofcoffee.fr\/fr\/wp-json\/wp\/v2\/media\/20513"}],"wp:attachment":[{"href":"https:\/\/heartofcoffee.fr\/fr\/wp-json\/wp\/v2\/media?parent=19605"}],"wp:term":[{"taxonomy":"product_brand","embeddable":true,"href":"https:\/\/heartofcoffee.fr\/fr\/wp-json\/wp\/v2\/product_brand?post=19605"},{"taxonomy":"product_cat","embeddable":true,"href":"https:\/\/heartofcoffee.fr\/fr\/wp-json\/wp\/v2\/product_cat?post=19605"},{"taxonomy":"product_tag","embeddable":true,"href":"https:\/\/heartofcoffee.fr\/fr\/wp-json\/wp\/v2\/product_tag?post=19605"}],"curies":[{"name":"wp","href":"https:\/\/api.w.org\/{rel}","templated":true}]}}