{"id":19613,"date":"2026-03-13T16:31:40","date_gmt":"2026-03-13T16:31:40","guid":{"rendered":"https:\/\/heartofcoffee.fr\/?post_type=product&#038;p=19613"},"modified":"2026-03-25T06:44:28","modified_gmt":"2026-03-25T06:44:28","slug":"climb","status":"publish","type":"product","link":"https:\/\/heartofcoffee.fr\/fr\/produit\/climb\/","title":{"rendered":"L\u2019Ascension"},"content":{"rendered":"<p>L\u2019Ascension explore la mani\u00e8re dont l\u2019altitude influence le caf\u00e9.<\/p>\n<p>\u00c0 mesure que l\u2019on monte en altitude, les cerises de caf\u00e9 m\u00fbrissent plus lentement et d\u00e9veloppent souvent davantage de clart\u00e9, de vivacit\u00e9 et de complexit\u00e9 aromatique.<\/p>\n<p>Cette collection commence avec un caf\u00e9 br\u00e9silien cultiv\u00e9 \u00e0 plus basse altitude, puis poursuit l\u2019ascension \u00e0 travers l\u2019Am\u00e9rique centrale et la Colombie avant d\u2019atteindre les hauts plateaux volcaniques du Rwanda. Une mani\u00e8re simple de go\u00fbter l\u2019influence de l\u2019altitude sur les saveurs.<\/p>\n<p>Caf\u00e9s dans cette collection<\/p>\n<p>\u00b7 Brazil Fazenda S\u00e3o Francisco (100g)<\/p>\n<p>\u00b7 Nicaragua Santa Maria (100g)<\/p>\n<p>\u00b7 Colombia Sweet Valley (100g)<\/p>\n<p>\u00b7 Rwanda Kinini (100g)<\/p>","protected":false},"excerpt":{"rendered":"<p>L\u2019Ascension explore la mani\u00e8re dont l\u2019altitude influence le caf\u00e9.<\/p>\n<p>\u00c0 mesure que l\u2019on monte en altitude, les cerises de caf\u00e9 m\u00fbrissent plus lentement et d\u00e9veloppent souvent davantage de clart\u00e9, de vivacit\u00e9 et de complexit\u00e9 aromatique.<\/p>\n<p>Cette collection commence avec un caf\u00e9 br\u00e9silien cultiv\u00e9 \u00e0 plus basse altitude, puis poursuit l\u2019ascension \u00e0 travers l\u2019Am\u00e9rique centrale et la Colombie avant d\u2019atteindre les hauts plateaux volcaniques du Rwanda. Une mani\u00e8re simple de go\u00fbter l\u2019influence de l\u2019altitude sur les saveurs.<\/p>\n<p>Caf\u00e9s dans cette collection<\/p>\n<p><strong>\u00b7 Brazil Fazenda S\u00e3o Francisco (100g)<\/strong><\/p>\n<p><strong>\u00b7 Nicaragua Santa Maria (100g)<\/strong><\/p>\n<p><strong>\u00b7 Colombia Sweet Valley (100g)<\/strong><\/p>\n<p><strong>\u00b7 Rwanda Kinini (100g)<\/strong><\/p>\n<p>Le caf\u00e9 est un produit agricole et sa disponibilit\u00e9 peut varier au cours de l\u2019ann\u00e9e. Il peut donc arriver qu\u2019un caf\u00e9 pr\u00e9sent dans une collection soit remplac\u00e9 par un autre aux caract\u00e9ristiques proches, qu\u2019il s\u2019agisse de l\u2019origine, de l\u2019altitude ou du style. Toute substitution sera toujours indiqu\u00e9e sur la page de la collection.<\/p>\n<div id=\"gtx-trans\" style=\"position: absolute; left: -27px; top: 174px;\">\n<div class=\"gtx-trans-icon\"><\/div>\n<\/div>","protected":false},"featured_media":20517,"comment_status":"open","ping_status":"closed","template":"","meta":[],"product_brand":[],"product_cat":[278],"product_tag":[],"class_list":{"0":"post-19613","1":"product","2":"type-product","3":"status-publish","4":"has-post-thumbnail","6":"product_cat-tasting-collections","8":"first","9":"instock","10":"taxable","11":"shipping-taxable","12":"purchasable","13":"product-type-simple"},"_links":{"self":[{"href":"https:\/\/heartofcoffee.fr\/fr\/wp-json\/wp\/v2\/product\/19613","targetHints":{"allow":["GET"]}}],"collection":[{"href":"https:\/\/heartofcoffee.fr\/fr\/wp-json\/wp\/v2\/product"}],"about":[{"href":"https:\/\/heartofcoffee.fr\/fr\/wp-json\/wp\/v2\/types\/product"}],"replies":[{"embeddable":true,"href":"https:\/\/heartofcoffee.fr\/fr\/wp-json\/wp\/v2\/comments?post=19613"}],"version-history":[{"count":2,"href":"https:\/\/heartofcoffee.fr\/fr\/wp-json\/wp\/v2\/product\/19613\/revisions"}],"predecessor-version":[{"id":19615,"href":"https:\/\/heartofcoffee.fr\/fr\/wp-json\/wp\/v2\/product\/19613\/revisions\/19615"}],"wp:featuredmedia":[{"embeddable":true,"href":"https:\/\/heartofcoffee.fr\/fr\/wp-json\/wp\/v2\/media\/20517"}],"wp:attachment":[{"href":"https:\/\/heartofcoffee.fr\/fr\/wp-json\/wp\/v2\/media?parent=19613"}],"wp:term":[{"taxonomy":"product_brand","embeddable":true,"href":"https:\/\/heartofcoffee.fr\/fr\/wp-json\/wp\/v2\/product_brand?post=19613"},{"taxonomy":"product_cat","embeddable":true,"href":"https:\/\/heartofcoffee.fr\/fr\/wp-json\/wp\/v2\/product_cat?post=19613"},{"taxonomy":"product_tag","embeddable":true,"href":"https:\/\/heartofcoffee.fr\/fr\/wp-json\/wp\/v2\/product_tag?post=19613"}],"curies":[{"name":"wp","href":"https:\/\/api.w.org\/{rel}","templated":true}]}}