{"id":19616,"date":"2026-03-13T16:34:36","date_gmt":"2026-03-13T16:34:36","guid":{"rendered":"https:\/\/heartofcoffee.fr\/?post_type=product&#038;p=19616"},"modified":"2026-03-25T06:44:31","modified_gmt":"2026-03-25T06:44:31","slug":"the-summit","status":"publish","type":"product","link":"https:\/\/heartofcoffee.fr\/fr\/produit\/the-summit\/","title":{"rendered":"Le Sommet"},"content":{"rendered":"<p>Le Sommet met \u00e0 l\u2019honneur exclusivement des caf\u00e9s cultiv\u00e9s en altitude.<\/p>\n<p>Ces environnements produisent souvent des caf\u00e9s \u00e0 la structure plus pr\u00e9cise, \u00e0 l\u2019acidit\u00e9 plus fine et aux ar\u00f4mes plus complexes.<\/p>\n<p>Des montagnes du Guatemala aux pentes volcaniques du Rwanda et de la Colombie, cette collection met en lumi\u00e8re des caf\u00e9s cultiv\u00e9s l\u00e0 o\u00f9 les temp\u00e9ratures plus fra\u00eeches et une maturation plus lente permettent aux saveurs de se d\u00e9velopper avec pr\u00e9cision.<\/p>\n<p>Caf\u00e9s dans cette collection<\/p>\n<p>\u00b7 Rwanda Kinini (100g)<\/p>\n<p>\u00b7 Colombia Sweet Valley (100g)<\/p>\n<p>\u00b7 Guatemala Las Moritas Pacamara (100g)<\/p>\n<p>\u00b7 Colombia Tres Dragones (100g)<\/p>","protected":false},"excerpt":{"rendered":"<p>Le Sommet met \u00e0 l\u2019honneur exclusivement des caf\u00e9s cultiv\u00e9s en altitude.<\/p>\n<p>Ces environnements produisent souvent des caf\u00e9s \u00e0 la structure plus pr\u00e9cise, \u00e0 l\u2019acidit\u00e9 plus fine et aux ar\u00f4mes plus complexes.<\/p>\n<p>Des montagnes du Guatemala aux pentes volcaniques du Rwanda et de la Colombie, cette collection met en lumi\u00e8re des caf\u00e9s cultiv\u00e9s l\u00e0 o\u00f9 les temp\u00e9ratures plus fra\u00eeches et une maturation plus lente permettent aux saveurs de se d\u00e9velopper avec pr\u00e9cision.<\/p>\n<p>Caf\u00e9s dans cette collection<\/p>\n<p><strong>\u00b7 Rwanda Kinini (100g)<\/strong><\/p>\n<p><strong>\u00b7 Colombia Sweet Valley (100g)<\/strong><\/p>\n<p><strong>\u00b7 Guatemala Las Moritas Pacamara (100g)<\/strong><\/p>\n<p><strong>\u00b7 Colombia Tres Dragones (100g)<\/strong><\/p>\n<p>Le caf\u00e9 est un produit agricole et sa disponibilit\u00e9 peut varier au cours de l\u2019ann\u00e9e. Il peut donc arriver qu\u2019un caf\u00e9 pr\u00e9sent dans une collection soit remplac\u00e9 par un autre aux caract\u00e9ristiques proches, qu\u2019il s\u2019agisse de l\u2019origine, de l\u2019altitude ou du style. Toute substitution sera toujours indiqu\u00e9e sur la page de la collection.<\/p>\n<div id=\"gtx-trans\" style=\"position: absolute; left: -3px; top: 174px;\">\n<div class=\"gtx-trans-icon\"><\/div>\n<\/div>","protected":false},"featured_media":20518,"comment_status":"open","ping_status":"closed","template":"","meta":[],"product_brand":[],"product_cat":[278],"product_tag":[],"class_list":{"0":"post-19616","1":"product","2":"type-product","3":"status-publish","4":"has-post-thumbnail","6":"product_cat-tasting-collections","8":"first","9":"instock","10":"taxable","11":"shipping-taxable","12":"purchasable","13":"product-type-simple"},"_links":{"self":[{"href":"https:\/\/heartofcoffee.fr\/fr\/wp-json\/wp\/v2\/product\/19616","targetHints":{"allow":["GET"]}}],"collection":[{"href":"https:\/\/heartofcoffee.fr\/fr\/wp-json\/wp\/v2\/product"}],"about":[{"href":"https:\/\/heartofcoffee.fr\/fr\/wp-json\/wp\/v2\/types\/product"}],"replies":[{"embeddable":true,"href":"https:\/\/heartofcoffee.fr\/fr\/wp-json\/wp\/v2\/comments?post=19616"}],"version-history":[{"count":3,"href":"https:\/\/heartofcoffee.fr\/fr\/wp-json\/wp\/v2\/product\/19616\/revisions"}],"predecessor-version":[{"id":19619,"href":"https:\/\/heartofcoffee.fr\/fr\/wp-json\/wp\/v2\/product\/19616\/revisions\/19619"}],"wp:featuredmedia":[{"embeddable":true,"href":"https:\/\/heartofcoffee.fr\/fr\/wp-json\/wp\/v2\/media\/20518"}],"wp:attachment":[{"href":"https:\/\/heartofcoffee.fr\/fr\/wp-json\/wp\/v2\/media?parent=19616"}],"wp:term":[{"taxonomy":"product_brand","embeddable":true,"href":"https:\/\/heartofcoffee.fr\/fr\/wp-json\/wp\/v2\/product_brand?post=19616"},{"taxonomy":"product_cat","embeddable":true,"href":"https:\/\/heartofcoffee.fr\/fr\/wp-json\/wp\/v2\/product_cat?post=19616"},{"taxonomy":"product_tag","embeddable":true,"href":"https:\/\/heartofcoffee.fr\/fr\/wp-json\/wp\/v2\/product_tag?post=19616"}],"curies":[{"name":"wp","href":"https:\/\/api.w.org\/{rel}","templated":true}]}}