{"id":19620,"date":"2026-03-13T16:36:34","date_gmt":"2026-03-13T16:36:34","guid":{"rendered":"https:\/\/heartofcoffee.fr\/?post_type=product&#038;p=19620"},"modified":"2026-03-25T06:44:34","modified_gmt":"2026-03-25T06:44:34","slug":"the-expedition","status":"publish","type":"product","link":"https:\/\/heartofcoffee.fr\/fr\/produit\/the-expedition\/","title":{"rendered":"L\u2019Exp\u00e9dition"},"content":{"rendered":"<p>The Expedition explore la facette la plus singuli\u00e8re du caf\u00e9.<\/p>\n<p>Vous y trouverez des vari\u00e9t\u00e9s rares, des fermentations exp\u00e9rimentales et des origines prot\u00e9g\u00e9es, des caf\u00e9s qui montrent jusqu\u2019o\u00f9 les saveurs peuvent \u00e9voluer lorsque les producteurs exp\u00e9rimentent et affinent leur savoir-faire.<\/p>\n<p>Cette collection rassemble certains des caf\u00e9s les plus distinctifs avec lesquels nous travaillons, des ar\u00f4mes d\u00e9licats du Geisha \u00e0 la structure plus intense de lots colombiens issus de fermentations contr\u00f4l\u00e9es.<\/p>\n<p>Caf\u00e9s dans cette collection<\/p>\n<p>\u00b7 Colombia Geisha (65g)<\/p>\n<p>\u00b7 Jamaica Blue Mountain (65g)<\/p>\n<p>\u00b7 Colombia Danilo Perez 200h (65g)<\/p>\n<p>\u00b7 Colombia Tres Dragones (100g)<\/p>","protected":false},"excerpt":{"rendered":"<p>The Expedition explore la facette la plus singuli\u00e8re du caf\u00e9.<\/p>\n<p>Vous y trouverez des vari\u00e9t\u00e9s rares, des fermentations exp\u00e9rimentales et des origines prot\u00e9g\u00e9es, des caf\u00e9s qui montrent jusqu\u2019o\u00f9 les saveurs peuvent \u00e9voluer lorsque les producteurs exp\u00e9rimentent et affinent leur savoir-faire.<\/p>\n<p>Cette collection rassemble certains des caf\u00e9s les plus distinctifs avec lesquels nous travaillons, des ar\u00f4mes d\u00e9licats du Geisha \u00e0 la structure plus intense de lots colombiens issus de fermentations contr\u00f4l\u00e9es.<\/p>\n<p>Caf\u00e9s dans cette collection<\/p>\n<p><strong>\u00b7 Colombia Geisha (65g)<\/strong><\/p>\n<p><strong>\u00b7 Jamaica Blue Mountain (65g)<\/strong><\/p>\n<p><strong>\u00b7 Colombia Danilo Perez 200h (65g)<\/strong><\/p>\n<p><strong>\u00b7 Colombia Tres Dragones (100g)<\/strong><\/p>\n<p>Le caf\u00e9 est un produit agricole et sa disponibilit\u00e9 peut varier au cours de l\u2019ann\u00e9e. Il peut donc arriver qu\u2019un caf\u00e9 pr\u00e9sent dans une collection soit remplac\u00e9 par un autre aux caract\u00e9ristiques proches, qu\u2019il s\u2019agisse de l\u2019origine, de l\u2019altitude ou du style. Toute substitution sera toujours indiqu\u00e9e sur la page de la collection.<\/p>\n<div id=\"gtx-trans\" style=\"position: absolute; left: -3px; top: 150px;\">\n<div class=\"gtx-trans-icon\"><\/div>\n<\/div>","protected":false},"featured_media":20519,"comment_status":"open","ping_status":"closed","template":"","meta":[],"product_brand":[],"product_cat":[278],"product_tag":[],"class_list":{"0":"post-19620","1":"product","2":"type-product","3":"status-publish","4":"has-post-thumbnail","6":"product_cat-tasting-collections","8":"first","9":"instock","10":"taxable","11":"shipping-taxable","12":"purchasable","13":"product-type-simple"},"_links":{"self":[{"href":"https:\/\/heartofcoffee.fr\/fr\/wp-json\/wp\/v2\/product\/19620","targetHints":{"allow":["GET"]}}],"collection":[{"href":"https:\/\/heartofcoffee.fr\/fr\/wp-json\/wp\/v2\/product"}],"about":[{"href":"https:\/\/heartofcoffee.fr\/fr\/wp-json\/wp\/v2\/types\/product"}],"replies":[{"embeddable":true,"href":"https:\/\/heartofcoffee.fr\/fr\/wp-json\/wp\/v2\/comments?post=19620"}],"version-history":[{"count":2,"href":"https:\/\/heartofcoffee.fr\/fr\/wp-json\/wp\/v2\/product\/19620\/revisions"}],"predecessor-version":[{"id":19622,"href":"https:\/\/heartofcoffee.fr\/fr\/wp-json\/wp\/v2\/product\/19620\/revisions\/19622"}],"wp:featuredmedia":[{"embeddable":true,"href":"https:\/\/heartofcoffee.fr\/fr\/wp-json\/wp\/v2\/media\/20519"}],"wp:attachment":[{"href":"https:\/\/heartofcoffee.fr\/fr\/wp-json\/wp\/v2\/media?parent=19620"}],"wp:term":[{"taxonomy":"product_brand","embeddable":true,"href":"https:\/\/heartofcoffee.fr\/fr\/wp-json\/wp\/v2\/product_brand?post=19620"},{"taxonomy":"product_cat","embeddable":true,"href":"https:\/\/heartofcoffee.fr\/fr\/wp-json\/wp\/v2\/product_cat?post=19620"},{"taxonomy":"product_tag","embeddable":true,"href":"https:\/\/heartofcoffee.fr\/fr\/wp-json\/wp\/v2\/product_tag?post=19620"}],"curies":[{"name":"wp","href":"https:\/\/api.w.org\/{rel}","templated":true}]}}