{"id":19892,"date":"2026-03-19T09:51:41","date_gmt":"2026-03-19T09:51:41","guid":{"rendered":"https:\/\/heartofcoffee.fr\/?post_type=product&#038;p=19892"},"modified":"2026-04-07T07:28:24","modified_gmt":"2026-04-07T07:28:24","slug":"%f0%9f%87%aa%f0%9f%87%b9-ethiopia-djimmah-sb","status":"publish","type":"product","link":"https:\/\/heartofcoffee.fr\/fr\/produit\/%f0%9f%87%aa%f0%9f%87%b9-ethiopia-djimmah-sb\/","title":{"rendered":"\ud83c\uddea\ud83c\uddf9 Ethiopia \u2013 DJIMMAH."},"content":{"rendered":"<p>\\Ethiopia Djimma 5 provient des paysages historiques de culture du caf\u00e9 dans l\u2019ouest de l\u2019\u00c9thiopie, au c\u0153ur de la c\u00e9l\u00e8bre r\u00e9gion de Djimma \u2014\\ berceau du caf\u00e9. Ici, de petits producteurs cultivent des vari\u00e9t\u00e9s indig\u00e8nes dites \u00ab heirloom \u00bb en altitude, pr\u00e9servant tradition et biodiversit\u00e9 \u00e0 chaque r\u00e9colte.<\/p>\n<p>R\u00e9colt\u00e9 entre octobre et janvier et trait\u00e9 selon la m\u00e9thode naturelle avec soin, Djimma 5 exprime le caract\u00e8re classique de la r\u00e9gion : terrien, profond et subtilement complexe.<\/p>\n<p>L\u2019altitude \u00e9lev\u00e9e, combin\u00e9e \u00e0 des journ\u00e9es chaudes et des nuits fra\u00eeches, permet un d\u00e9veloppement lent des sucres, donnant au caf\u00e9 \u00e0 la fois clart\u00e9 et structure.<\/p>\n<p>En tasse, le profil relie fruit et terre : des notes de baies et une touche vineuse \u00e9quilibr\u00e9es par une base plus ancr\u00e9e, aux accents de noix et de cacao.<\/p>\n<p>Un caf\u00e9 \u00e9thiopien authentique et affirm\u00e9 \u2014 expressif sans exc\u00e8s, suffisamment riche pour s\u00e9duire les amateurs curieux comme pour accompagner le quotidien.<\/p>\n<p>&nbsp;<\/p>","protected":false},"excerpt":{"rendered":"<p>\\Ethiopia Djimma 5 provient des paysages historiques de culture du caf\u00e9 dans l\u2019ouest de l\u2019\u00c9thiopie, au c\u0153ur de la c\u00e9l\u00e8bre r\u00e9gion de Djimma \u2014\\ berceau du caf\u00e9. Ici, de petits producteurs cultivent des vari\u00e9t\u00e9s indig\u00e8nes dites \u00ab heirloom \u00bb en altitude, pr\u00e9servant tradition et biodiversit\u00e9 \u00e0 chaque r\u00e9colte.<\/p>\n<p>&nbsp;<\/p>","protected":false},"featured_media":19383,"comment_status":"open","ping_status":"closed","template":"","meta":[],"product_brand":[],"product_cat":[281,273,53],"product_tag":[134,136,137,135],"class_list":{"0":"post-19892","1":"product","2":"type-product","3":"status-publish","4":"has-post-thumbnail","6":"product_cat-espresso-subscription","7":"product_cat-omni","8":"product_cat-subscription","9":"product_tag-berry","10":"product_tag-earthy-undertones","11":"product_tag-moderate-acidity-medium-body","12":"product_tag-nutty-cocoa","14":"first","15":"instock","16":"taxable","17":"shipping-taxable","18":"purchasable","19":"product-type-variable-subscription"},"_links":{"self":[{"href":"https:\/\/heartofcoffee.fr\/fr\/wp-json\/wp\/v2\/product\/19892","targetHints":{"allow":["GET"]}}],"collection":[{"href":"https:\/\/heartofcoffee.fr\/fr\/wp-json\/wp\/v2\/product"}],"about":[{"href":"https:\/\/heartofcoffee.fr\/fr\/wp-json\/wp\/v2\/types\/product"}],"replies":[{"embeddable":true,"href":"https:\/\/heartofcoffee.fr\/fr\/wp-json\/wp\/v2\/comments?post=19892"}],"version-history":[{"count":3,"href":"https:\/\/heartofcoffee.fr\/fr\/wp-json\/wp\/v2\/product\/19892\/revisions"}],"predecessor-version":[{"id":21091,"href":"https:\/\/heartofcoffee.fr\/fr\/wp-json\/wp\/v2\/product\/19892\/revisions\/21091"}],"wp:featuredmedia":[{"embeddable":true,"href":"https:\/\/heartofcoffee.fr\/fr\/wp-json\/wp\/v2\/media\/19383"}],"wp:attachment":[{"href":"https:\/\/heartofcoffee.fr\/fr\/wp-json\/wp\/v2\/media?parent=19892"}],"wp:term":[{"taxonomy":"product_brand","embeddable":true,"href":"https:\/\/heartofcoffee.fr\/fr\/wp-json\/wp\/v2\/product_brand?post=19892"},{"taxonomy":"product_cat","embeddable":true,"href":"https:\/\/heartofcoffee.fr\/fr\/wp-json\/wp\/v2\/product_cat?post=19892"},{"taxonomy":"product_tag","embeddable":true,"href":"https:\/\/heartofcoffee.fr\/fr\/wp-json\/wp\/v2\/product_tag?post=19892"}],"curies":[{"name":"wp","href":"https:\/\/api.w.org\/{rel}","templated":true}]}}