{"id":20075,"date":"2026-03-19T14:37:11","date_gmt":"2026-03-19T14:37:11","guid":{"rendered":"https:\/\/heartofcoffee.fr\/?post_type=product&#038;p=20075"},"modified":"2026-04-07T07:20:38","modified_gmt":"2026-04-07T07:20:38","slug":"%f0%9f%87%a8%f0%9f%87%b4-colombia-sweet-valley-2024-sb","status":"publish","type":"product","link":"https:\/\/heartofcoffee.fr\/fr\/produit\/%f0%9f%87%a8%f0%9f%87%b4-colombia-sweet-valley-2024-sb\/","title":{"rendered":"\ud83c\udde8\ud83c\uddf4 COLOMBIA \u2013 SWEET VALLEY \u2013 2024."},"content":{"rendered":"<p>SSSColombia Sweet Valley comes from La Esperanza, one of the emblematic farms of Caf\u00e9 Granja in Trujilo. A family estate rooted in both tradition and innovation, La Esperanza balances hospitality and precision with its cupping room overlooking the mountains and its carefully managed processing facilities at the heart of the farm.<\/p>\n<p>Ce field blend r\u00e9unit les vari\u00e9t\u00e9s Caturra, Castillo et Colombia, illustrant l\u2019engagement de la ferme envers l\u2019expression vari\u00e9tale et la ma\u00eetrise de la fermentation. Seules les cerises les plus m\u00fbres sont s\u00e9lectionn\u00e9es et tri\u00e9es par flottaison afin de garantir densit\u00e9 et qualit\u00e9, avant une fermentation \u00e0 l\u2019air libre de 72 heures destin\u00e9e \u00e0 r\u00e9v\u00e9ler toute la profondeur aromatique. Le caf\u00e9 est ensuite s\u00e9ch\u00e9 d\u00e9licatement en silos m\u00e9caniques contr\u00f4l\u00e9s puis stabilis\u00e9 dans des conditions strictement surveill\u00e9es afin de pr\u00e9server clart\u00e9 et vivacit\u00e9.<\/p>\n<p>En tasse, le profil est expressif tout en restant structur\u00e9 : des fruits rouges en couches rencontrent une fra\u00eecheur \u00e9voquant le vin blanc, soutenue par une trame chocolat\u00e9e raffin\u00e9e. Vibrant, pr\u00e9cis et port\u00e9 par le fruit une expression colombienne moderne fa\u00e7onn\u00e9e par la ma\u00eetrise et l\u2019attention au d\u00e9tail.<\/p>\n<p>&nbsp;<\/p>","protected":false},"excerpt":{"rendered":"<p>Le Sweet Valley de La Esperanza est un field blend (Caturra, Castillo, Colombia) cultiv\u00e9 \u00e0 Trujilo et ferment\u00e9 72 heures pour r\u00e9v\u00e9ler toute sa profondeur aromatique. S\u00e9ch\u00e9 et stabilis\u00e9 avec pr\u00e9cision, il offre clart\u00e9 et \u00e9quilibre. En tasse : fruits rouges, fra\u00eecheur vin blanc et finale chocolat\u00e9e \u00e9l\u00e9gante structur\u00e9, expressif et r\u00e9solument colombien.<\/p>","protected":false},"featured_media":19248,"comment_status":"open","ping_status":"closed","template":"","meta":[],"product_brand":[],"product_cat":[281,279,280,53],"product_tag":[],"class_list":{"0":"post-20075","1":"product","2":"type-product","3":"status-publish","4":"has-post-thumbnail","6":"product_cat-espresso-subscription","7":"product_cat-filter-subscription","8":"product_cat-omni-subscription","9":"product_cat-subscription","11":"first","12":"instock","13":"sale","14":"taxable","15":"shipping-taxable","16":"purchasable","17":"product-type-variable-subscription"},"_links":{"self":[{"href":"https:\/\/heartofcoffee.fr\/fr\/wp-json\/wp\/v2\/product\/20075","targetHints":{"allow":["GET"]}}],"collection":[{"href":"https:\/\/heartofcoffee.fr\/fr\/wp-json\/wp\/v2\/product"}],"about":[{"href":"https:\/\/heartofcoffee.fr\/fr\/wp-json\/wp\/v2\/types\/product"}],"replies":[{"embeddable":true,"href":"https:\/\/heartofcoffee.fr\/fr\/wp-json\/wp\/v2\/comments?post=20075"}],"version-history":[{"count":5,"href":"https:\/\/heartofcoffee.fr\/fr\/wp-json\/wp\/v2\/product\/20075\/revisions"}],"predecessor-version":[{"id":21303,"href":"https:\/\/heartofcoffee.fr\/fr\/wp-json\/wp\/v2\/product\/20075\/revisions\/21303"}],"wp:featuredmedia":[{"embeddable":true,"href":"https:\/\/heartofcoffee.fr\/fr\/wp-json\/wp\/v2\/media\/19248"}],"wp:attachment":[{"href":"https:\/\/heartofcoffee.fr\/fr\/wp-json\/wp\/v2\/media?parent=20075"}],"wp:term":[{"taxonomy":"product_brand","embeddable":true,"href":"https:\/\/heartofcoffee.fr\/fr\/wp-json\/wp\/v2\/product_brand?post=20075"},{"taxonomy":"product_cat","embeddable":true,"href":"https:\/\/heartofcoffee.fr\/fr\/wp-json\/wp\/v2\/product_cat?post=20075"},{"taxonomy":"product_tag","embeddable":true,"href":"https:\/\/heartofcoffee.fr\/fr\/wp-json\/wp\/v2\/product_tag?post=20075"}],"curies":[{"name":"wp","href":"https:\/\/api.w.org\/{rel}","templated":true}]}}