{"id":21154,"date":"2026-03-31T11:34:32","date_gmt":"2026-03-31T11:34:32","guid":{"rendered":"https:\/\/heartofcoffee.fr\/?post_type=product&#038;p=21154"},"modified":"2026-04-02T16:56:32","modified_gmt":"2026-04-02T16:56:32","slug":"coffee-mug","status":"publish","type":"product","link":"https:\/\/heartofcoffee.fr\/fr\/produit\/coffee-mug\/","title":{"rendered":"La Tasse du Quotidien"},"content":{"rendered":"<p data-start=\"489\" data-end=\"645\">La grande cousine de notre tasse espresso m\u00eame id\u00e9e, juste plus de temps.<br data-start=\"557\" data-end=\"560\" \/>Pour des caf\u00e9s plus longs et des moments plus lents  toujours pr\u00e9cis, simplement plus d\u2019espace pour en profiter.<\/p>\n<p data-start=\"647\" data-end=\"815\">\u00c9galement en porcelaine et accompagn\u00e9e de sa soucoupe l\u00e9g\u00e8rement d\u00e9centr\u00e9e, elle offre le m\u00eame \u00e9quilibre entre pr\u00e9cision et simplicit\u00e9, dans un format plus g\u00e9n\u00e9reux.<\/p>\n<p data-start=\"647\" data-end=\"815\">27 cl<\/p>","protected":false},"excerpt":{"rendered":"<p data-start=\"489\" data-end=\"645\">La grande cousine de notre tasse espresso m\u00eame id\u00e9e, juste plus de temps.<br data-start=\"557\" data-end=\"560\" \/>Pour des caf\u00e9s plus longs et des moments plus lents  toujours pr\u00e9cis, simplement plus d\u2019espace pour en profiter.<\/p>\n<p data-start=\"647\" data-end=\"815\">\u00c9galement en porcelaine et accompagn\u00e9e de sa soucoupe l\u00e9g\u00e8rement d\u00e9centr\u00e9e, elle offre le m\u00eame \u00e9quilibre entre pr\u00e9cision et simplicit\u00e9, dans un format plus g\u00e9n\u00e9reux.<\/p>\n<p data-start=\"647\" data-end=\"815\">27 cl<\/p>","protected":false},"featured_media":21153,"comment_status":"open","ping_status":"closed","template":"","meta":[],"product_brand":[],"product_cat":[54],"product_tag":[],"class_list":{"0":"post-21154","1":"product","2":"type-product","3":"status-publish","4":"has-post-thumbnail","6":"product_cat-merch-gear","8":"first","9":"instock","10":"taxable","11":"shipping-taxable","12":"purchasable","13":"product-type-simple"},"_links":{"self":[{"href":"https:\/\/heartofcoffee.fr\/fr\/wp-json\/wp\/v2\/product\/21154","targetHints":{"allow":["GET"]}}],"collection":[{"href":"https:\/\/heartofcoffee.fr\/fr\/wp-json\/wp\/v2\/product"}],"about":[{"href":"https:\/\/heartofcoffee.fr\/fr\/wp-json\/wp\/v2\/types\/product"}],"replies":[{"embeddable":true,"href":"https:\/\/heartofcoffee.fr\/fr\/wp-json\/wp\/v2\/comments?post=21154"}],"version-history":[{"count":5,"href":"https:\/\/heartofcoffee.fr\/fr\/wp-json\/wp\/v2\/product\/21154\/revisions"}],"predecessor-version":[{"id":21264,"href":"https:\/\/heartofcoffee.fr\/fr\/wp-json\/wp\/v2\/product\/21154\/revisions\/21264"}],"wp:featuredmedia":[{"embeddable":true,"href":"https:\/\/heartofcoffee.fr\/fr\/wp-json\/wp\/v2\/media\/21153"}],"wp:attachment":[{"href":"https:\/\/heartofcoffee.fr\/fr\/wp-json\/wp\/v2\/media?parent=21154"}],"wp:term":[{"taxonomy":"product_brand","embeddable":true,"href":"https:\/\/heartofcoffee.fr\/fr\/wp-json\/wp\/v2\/product_brand?post=21154"},{"taxonomy":"product_cat","embeddable":true,"href":"https:\/\/heartofcoffee.fr\/fr\/wp-json\/wp\/v2\/product_cat?post=21154"},{"taxonomy":"product_tag","embeddable":true,"href":"https:\/\/heartofcoffee.fr\/fr\/wp-json\/wp\/v2\/product_tag?post=21154"}],"curies":[{"name":"wp","href":"https:\/\/api.w.org\/{rel}","templated":true}]}}