{"id":21157,"date":"2026-03-31T11:37:19","date_gmt":"2026-03-31T11:37:19","guid":{"rendered":"https:\/\/heartofcoffee.fr\/?post_type=product&#038;p=21157"},"modified":"2026-04-02T16:55:52","modified_gmt":"2026-04-02T16:55:52","slug":"coffee-small-cup","status":"publish","type":"product","link":"https:\/\/heartofcoffee.fr\/fr\/produit\/coffee-small-cup\/","title":{"rendered":"La Tasse Espresso"},"content":{"rendered":"<p data-start=\"121\" data-end=\"280\">Petite tasse, intention s\u00e9rieuse.<br data-start=\"149\" data-end=\"152\" \/>Pens\u00e9e pour l\u2019espresso courte, pr\u00e9cise, essentielle. Le genre de tasse qui n\u2019a pas besoin de volume pour marquer les esprits.<\/p>\n<p data-start=\"282\" data-end=\"432\">En porcelaine, accompagn\u00e9e de sa petite soucoupe l\u00e9g\u00e8rement d\u00e9centr\u00e9e, elle reste simple avec juste ce qu\u2019il faut de caract\u00e8re pour se d\u00e9marquer.<\/p>\n<p data-start=\"282\" data-end=\"432\">7 cl<\/p>","protected":false},"excerpt":{"rendered":"<p data-start=\"121\" data-end=\"280\">Petite tasse, intention s\u00e9rieuse.<br data-start=\"149\" data-end=\"152\" \/>Pens\u00e9e pour l\u2019espresso courte, pr\u00e9cise, essentielle. Le genre de tasse qui n\u2019a pas besoin de volume pour marquer les esprits.<\/p>\n<p data-start=\"282\" data-end=\"432\">En porcelaine, accompagn\u00e9e de sa petite soucoupe l\u00e9g\u00e8rement d\u00e9centr\u00e9e, elle reste simple avec juste ce qu\u2019il faut de caract\u00e8re pour se d\u00e9marquer.<\/p>\n<p data-start=\"282\" data-end=\"432\">7 cl<\/p>","protected":false},"featured_media":21149,"comment_status":"open","ping_status":"closed","template":"","meta":[],"product_brand":[],"product_cat":[54],"product_tag":[],"class_list":{"0":"post-21157","1":"product","2":"type-product","3":"status-publish","4":"has-post-thumbnail","6":"product_cat-merch-gear","8":"first","9":"instock","10":"taxable","11":"shipping-taxable","12":"purchasable","13":"product-type-simple"},"_links":{"self":[{"href":"https:\/\/heartofcoffee.fr\/fr\/wp-json\/wp\/v2\/product\/21157","targetHints":{"allow":["GET"]}}],"collection":[{"href":"https:\/\/heartofcoffee.fr\/fr\/wp-json\/wp\/v2\/product"}],"about":[{"href":"https:\/\/heartofcoffee.fr\/fr\/wp-json\/wp\/v2\/types\/product"}],"replies":[{"embeddable":true,"href":"https:\/\/heartofcoffee.fr\/fr\/wp-json\/wp\/v2\/comments?post=21157"}],"version-history":[{"count":3,"href":"https:\/\/heartofcoffee.fr\/fr\/wp-json\/wp\/v2\/product\/21157\/revisions"}],"predecessor-version":[{"id":21262,"href":"https:\/\/heartofcoffee.fr\/fr\/wp-json\/wp\/v2\/product\/21157\/revisions\/21262"}],"wp:featuredmedia":[{"embeddable":true,"href":"https:\/\/heartofcoffee.fr\/fr\/wp-json\/wp\/v2\/media\/21149"}],"wp:attachment":[{"href":"https:\/\/heartofcoffee.fr\/fr\/wp-json\/wp\/v2\/media?parent=21157"}],"wp:term":[{"taxonomy":"product_brand","embeddable":true,"href":"https:\/\/heartofcoffee.fr\/fr\/wp-json\/wp\/v2\/product_brand?post=21157"},{"taxonomy":"product_cat","embeddable":true,"href":"https:\/\/heartofcoffee.fr\/fr\/wp-json\/wp\/v2\/product_cat?post=21157"},{"taxonomy":"product_tag","embeddable":true,"href":"https:\/\/heartofcoffee.fr\/fr\/wp-json\/wp\/v2\/product_tag?post=21157"}],"curies":[{"name":"wp","href":"https:\/\/api.w.org\/{rel}","templated":true}]}}